{"id":285,"date":"2019-12-01T02:29:21","date_gmt":"2019-12-01T02:29:21","guid":{"rendered":"https:\/\/www.casaruralronda.es\/landlicher-tourismus-ronda\/"},"modified":"2019-12-01T18:52:33","modified_gmt":"2019-12-01T18:52:33","slug":"landlicher-tourismus-ronda","status":"publish","type":"page","link":"https:\/\/www.casaruralronda.es\/de\/landlicher-tourismus-ronda\/","title":{"rendered":"L\u00e4ndlicher Tourismus in Ronda"},"content":{"rendered":"\n<p class=\"has-text-align-center\">L\u00e4ndlicher Tourismus in Ronda ein unvergessliches Erlebnis.<\/p>\n\n\n\n<figure class=\"wp-block-image size-large is-style-circle-mask\"><img decoding=\"async\" src=\"https:\/\/www.casaruralronda.es\/wp-content\/uploads\/2019\/11\/habitacion-principal-1.jpg\" alt=\"Landhaus Ronda Raum\" class=\"wp-image-90\"\/><figcaption>Landhaus Ronda Raum<\/figcaption><\/figure>\n\n\n\n<p class=\"has-text-align-center\">Unser <strong>haus<\/strong> ist eine alte restaurierte M\u00fchle mit allem Komfort. <\/p>\n\n\n\n<p class=\"has-text-align-center\">Dispone de 3 habitaciones y 3 cuartos de ba\u00f1os con un total de 7 plazas para adultos y dos ni\u00f1os, adem\u00e1s de 3.500 m2 de terreno junto al <a href=\"https:\/\/es.wikipedia.org\/wiki\/R%C3%ADo_Guadiaro\">rio Guadiaro<\/a>.<\/p>\n\n\n\n<p>Sie k\u00f6nnen unsere <a href=\"https:\/\/www.casaruralronda.es\/de\/landlicher-tourismus-ronda\/fotografiie-landhaus-ronda\/\">Fotogalerie sehen<\/a><\/p>\n\n\n\n<hr class=\"wp-block-separator\"\/>\n\n\n\n<h3 class=\"has-text-align-center wp-block-heading\">Dienstleistungen, die Sie in unserem Landhaus finden<\/h3>\n\n\n\n<div class=\"wp-block-group\"><div class=\"wp-block-group__inner-container is-layout-flow wp-block-group-is-layout-flow\">\n<div class=\"wp-block-group alignfull\"><div class=\"wp-block-group__inner-container is-layout-flow wp-block-group-is-layout-flow\">\n<p class=\"has-text-align-center\">parken<\/p>\n\n\n\n<p class=\"has-text-align-center\">Wifi<\/p>\n\n\n\n<p class=\"has-text-align-center\">Satellitenfernsehen<\/p>\n\n\n\n<p class=\"has-text-align-center\">Klimaanlage<\/p>\n\n\n\n<p class=\"has-text-align-center\">Schornstein<\/p>\n\n\n\n<p class=\"has-text-align-center\">Heizung<\/p>\n\n\n\n<p class=\"has-text-align-center\">Feueralarm<\/p>\n\n\n\n<p class=\"has-text-align-center\">Gasalarm<\/p>\n\n\n\n<p class=\"has-text-align-center\">CO2 Feuerl\u00f6scher<\/p>\n\n\n\n<p class=\"has-text-align-center\">Sp\u00fclmaschine<\/p>\n\n\n\n<p class=\"has-text-align-center\">Waschmaschine<\/p>\n\n\n\n<p class=\"has-text-align-center\">Ofen<\/p>\n\n\n\n<p class=\"has-text-align-center\">Mikrowelle<\/p>\n\n\n\n<p class=\"has-text-align-center\">K\u00fchlschrank<\/p>\n\n\n\n<p class=\"has-text-align-center\">F\u00f6hn<\/p>\n<\/div><\/div>\n<\/div><\/div>\n\n\n\n<hr class=\"wp-block-separator\"\/>\n\n\n\n<p>Unsere Unterkunft von <strong>l\u00e4ndlicher Tourismus<\/strong> Es ist nur 10 Minuten von der Innenstadt entfernt <strong>Ronda<\/strong>, Wir sind sehr nah an allen St\u00e4dten der Serran\u00eda de Ronda: Algatoc\u00edn, Alpandeire, Arriate, Atajate, Benadalid, Benalaur\u00eda , Benaoj\u00e1n, Benarrab\u00e1, Cortes de la Frontera, Cartajima, Faraj\u00e1n, Gauc\u00edn, Genalguacil, Igualeja, Jimera de Libar, Jubrique, J\u00fazcar, Montejaque, Montecorto, Parauta, Pujerra, Ronda, Serrato.<\/p>\n\n\n\n<p>Wir sind eine Autostunde von Marbella und Puerto Ban\u00fas entfernt. Der 300 m entfernte <a href=\"https:\/\/www.instagram.com\/estaciondebenaojan\/\"><strong>Bahnhof Benaoj\u00e1n-Montejaque<\/strong><\/a> bietet Ihnen Anschluss an:<\/p>\n\n\n\n<p>San Roque, Gibraltar, Algeciras, M\u00e1laga, Granada, Madrid, Barcelona, Zaragoza etc, Dies erm\u00f6glicht Ihnen eine geografische Mobilit\u00e4t von unserer Unterkunft aus.<\/p>\n\n\n\n<p>Wir sind auch sehr nah an den wichtigsten Naturdenkm\u00e4lern der <strong>Serran\u00eda de Ronda<\/strong>: H\u00f6hle der Katze, Sumpf von Montejaque H\u00f6hle der Pileta, Sumpf von Zahara.<\/p>\n","protected":false},"excerpt":{"rendered":"<p>L\u00e4ndlicher Tourismus in Ronda ein unvergessliches Erlebnis. Unser haus ist eine alte restaurierte M\u00fchle mit allem Komfort. Dispone de 3 habitaciones y 3 cuartos de ba\u00f1os con un total de 7 plazas para adultos y dos ni\u00f1os, adem\u00e1s de 3.500 m2 de terreno junto al rio Guadiaro. Sie k\u00f6nnen unsere Fotogalerie sehen Dienstleistungen, die Sie [&hellip;]<\/p>\n","protected":false},"author":1,"featured_media":205,"parent":0,"menu_order":0,"comment_status":"closed","ping_status":"closed","template":"","meta":{"footnotes":""},"class_list":["post-285","page","type-page","status-publish","has-post-thumbnail","hentry"],"blocksy_meta":[],"yoast_head":"<!-- This site is optimized with the Yoast SEO plugin v26.6 - https:\/\/yoast.com\/wordpress\/plugins\/seo\/ -->\n<title>L\u00e4ndlicher Tourismus in Ronda - Landhaus Ronda Ihre l\u00e4ndliche Unterkunft<\/title>\n<meta name=\"description\" content=\"L\u00e4ndlicher Tourismus in Ronda, Willkommen in unserer l\u00e4ndlichen Unterkunft, 10 Minuten von Ronda entfernt, Dienstleistungen, die Sie in unserem Haus finden k\u00f6nnen.\" \/>\n<meta name=\"robots\" content=\"index, follow, max-snippet:-1, max-image-preview:large, max-video-preview:-1\" \/>\n<link rel=\"canonical\" href=\"https:\/\/www.casaruralronda.es\/de\/landlicher-tourismus-ronda\/\" \/>\n<meta property=\"og:locale\" content=\"de_DE\" \/>\n<meta property=\"og:type\" content=\"article\" \/>\n<meta property=\"og:title\" content=\"L\u00e4ndlicher Tourismus in Ronda - Landhaus Ronda Ihre l\u00e4ndliche Unterkunft\" \/>\n<meta property=\"og:description\" content=\"L\u00e4ndlicher Tourismus in Ronda, Willkommen in unserer l\u00e4ndlichen Unterkunft, 10 Minuten von Ronda entfernt, Dienstleistungen, die Sie in unserem Haus finden k\u00f6nnen.\" \/>\n<meta property=\"og:url\" content=\"https:\/\/www.casaruralronda.es\/de\/landlicher-tourismus-ronda\/\" \/>\n<meta property=\"og:site_name\" content=\"Casa Rural Ronda\" \/>\n<meta property=\"article:publisher\" content=\"https:\/\/www.facebook.com\/casaruralronda\/\" \/>\n<meta property=\"article:modified_time\" content=\"2019-12-01T18:52:33+00:00\" \/>\n<meta property=\"og:image\" content=\"https:\/\/www.casaruralronda.es\/wp-content\/uploads\/2019\/11\/photo_20191005190312_6619533_0-e1574818301104.jpg\" \/>\n\t<meta property=\"og:image:width\" content=\"600\" \/>\n\t<meta property=\"og:image:height\" content=\"338\" \/>\n\t<meta property=\"og:image:type\" content=\"image\/jpeg\" \/>\n<meta name=\"twitter:card\" content=\"summary_large_image\" \/>\n<meta name=\"twitter:label1\" content=\"Gesch\u00e4tzte Lesezeit\" \/>\n\t<meta name=\"twitter:data1\" content=\"1\u00a0Minute\" \/>\n<script type=\"application\/ld+json\" class=\"yoast-schema-graph\">{\"@context\":\"https:\/\/schema.org\",\"@graph\":[{\"@type\":\"WebPage\",\"@id\":\"https:\/\/www.casaruralronda.es\/de\/landlicher-tourismus-ronda\/\",\"url\":\"https:\/\/www.casaruralronda.es\/de\/landlicher-tourismus-ronda\/\",\"name\":\"L\u00e4ndlicher Tourismus in Ronda - Landhaus Ronda Ihre l\u00e4ndliche Unterkunft\",\"isPartOf\":{\"@id\":\"https:\/\/www.casaruralronda.es\/de\/#website\"},\"primaryImageOfPage\":{\"@id\":\"https:\/\/www.casaruralronda.es\/de\/landlicher-tourismus-ronda\/#primaryimage\"},\"image\":{\"@id\":\"https:\/\/www.casaruralronda.es\/de\/landlicher-tourismus-ronda\/#primaryimage\"},\"thumbnailUrl\":\"https:\/\/www.casaruralronda.es\/wp-content\/uploads\/2019\/11\/photo_20191005190312_6619533_0-e1574818301104.jpg\",\"datePublished\":\"2019-12-01T02:29:21+00:00\",\"dateModified\":\"2019-12-01T18:52:33+00:00\",\"description\":\"L\u00e4ndlicher Tourismus in Ronda, Willkommen in unserer l\u00e4ndlichen Unterkunft, 10 Minuten von Ronda entfernt, Dienstleistungen, die Sie in unserem Haus finden k\u00f6nnen.\",\"breadcrumb\":{\"@id\":\"https:\/\/www.casaruralronda.es\/de\/landlicher-tourismus-ronda\/#breadcrumb\"},\"inLanguage\":\"de\",\"potentialAction\":[{\"@type\":\"ReadAction\",\"target\":[\"https:\/\/www.casaruralronda.es\/de\/landlicher-tourismus-ronda\/\"]}]},{\"@type\":\"ImageObject\",\"inLanguage\":\"de\",\"@id\":\"https:\/\/www.casaruralronda.es\/de\/landlicher-tourismus-ronda\/#primaryimage\",\"url\":\"https:\/\/www.casaruralronda.es\/wp-content\/uploads\/2019\/11\/photo_20191005190312_6619533_0-e1574818301104.jpg\",\"contentUrl\":\"https:\/\/www.casaruralronda.es\/wp-content\/uploads\/2019\/11\/photo_20191005190312_6619533_0-e1574818301104.jpg\",\"width\":600,\"height\":338,\"caption\":\"Casa rural Ronda salon\"},{\"@type\":\"BreadcrumbList\",\"@id\":\"https:\/\/www.casaruralronda.es\/de\/landlicher-tourismus-ronda\/#breadcrumb\",\"itemListElement\":[{\"@type\":\"ListItem\",\"position\":1,\"name\":\"Portada\",\"item\":\"https:\/\/www.casaruralronda.es\/de\/\"},{\"@type\":\"ListItem\",\"position\":2,\"name\":\"L\u00e4ndlicher Tourismus in Ronda\"}]},{\"@type\":\"WebSite\",\"@id\":\"https:\/\/www.casaruralronda.es\/de\/#website\",\"url\":\"https:\/\/www.casaruralronda.es\/de\/\",\"name\":\"Casa Rural Ronda\",\"description\":\"Casa rural en Ronda (M&aacute;laga)\",\"publisher\":{\"@id\":\"https:\/\/www.casaruralronda.es\/de\/#organization\"},\"potentialAction\":[{\"@type\":\"SearchAction\",\"target\":{\"@type\":\"EntryPoint\",\"urlTemplate\":\"https:\/\/www.casaruralronda.es\/de\/?s={search_term_string}\"},\"query-input\":{\"@type\":\"PropertyValueSpecification\",\"valueRequired\":true,\"valueName\":\"search_term_string\"}}],\"inLanguage\":\"de\"},{\"@type\":\"Organization\",\"@id\":\"https:\/\/www.casaruralronda.es\/de\/#organization\",\"name\":\"Casa Rural Ronda\",\"url\":\"https:\/\/www.casaruralronda.es\/de\/\",\"logo\":{\"@type\":\"ImageObject\",\"inLanguage\":\"de\",\"@id\":\"https:\/\/www.casaruralronda.es\/de\/#\/schema\/logo\/image\/\",\"url\":\"https:\/\/www.casaruralronda.es\/wp-content\/uploads\/2019\/11\/casaruralronda.jpg\",\"contentUrl\":\"https:\/\/www.casaruralronda.es\/wp-content\/uploads\/2019\/11\/casaruralronda.jpg\",\"width\":560,\"height\":560,\"caption\":\"Casa Rural Ronda\"},\"image\":{\"@id\":\"https:\/\/www.casaruralronda.es\/de\/#\/schema\/logo\/image\/\"},\"sameAs\":[\"https:\/\/www.facebook.com\/casaruralronda\/\"]}]}<\/script>\n<!-- \/ Yoast SEO plugin. -->","yoast_head_json":{"title":"L\u00e4ndlicher Tourismus in Ronda - Landhaus Ronda Ihre l\u00e4ndliche Unterkunft","description":"L\u00e4ndlicher Tourismus in Ronda, Willkommen in unserer l\u00e4ndlichen Unterkunft, 10 Minuten von Ronda entfernt, Dienstleistungen, die Sie in unserem Haus finden k\u00f6nnen.","robots":{"index":"index","follow":"follow","max-snippet":"max-snippet:-1","max-image-preview":"max-image-preview:large","max-video-preview":"max-video-preview:-1"},"canonical":"https:\/\/www.casaruralronda.es\/de\/landlicher-tourismus-ronda\/","og_locale":"de_DE","og_type":"article","og_title":"L\u00e4ndlicher Tourismus in Ronda - Landhaus Ronda Ihre l\u00e4ndliche Unterkunft","og_description":"L\u00e4ndlicher Tourismus in Ronda, Willkommen in unserer l\u00e4ndlichen Unterkunft, 10 Minuten von Ronda entfernt, Dienstleistungen, die Sie in unserem Haus finden k\u00f6nnen.","og_url":"https:\/\/www.casaruralronda.es\/de\/landlicher-tourismus-ronda\/","og_site_name":"Casa Rural Ronda","article_publisher":"https:\/\/www.facebook.com\/casaruralronda\/","article_modified_time":"2019-12-01T18:52:33+00:00","og_image":[{"width":600,"height":338,"url":"https:\/\/www.casaruralronda.es\/wp-content\/uploads\/2019\/11\/photo_20191005190312_6619533_0-e1574818301104.jpg","type":"image\/jpeg"}],"twitter_card":"summary_large_image","twitter_misc":{"Gesch\u00e4tzte Lesezeit":"1\u00a0Minute"},"schema":{"@context":"https:\/\/schema.org","@graph":[{"@type":"WebPage","@id":"https:\/\/www.casaruralronda.es\/de\/landlicher-tourismus-ronda\/","url":"https:\/\/www.casaruralronda.es\/de\/landlicher-tourismus-ronda\/","name":"L\u00e4ndlicher Tourismus in Ronda - Landhaus Ronda Ihre l\u00e4ndliche Unterkunft","isPartOf":{"@id":"https:\/\/www.casaruralronda.es\/de\/#website"},"primaryImageOfPage":{"@id":"https:\/\/www.casaruralronda.es\/de\/landlicher-tourismus-ronda\/#primaryimage"},"image":{"@id":"https:\/\/www.casaruralronda.es\/de\/landlicher-tourismus-ronda\/#primaryimage"},"thumbnailUrl":"https:\/\/www.casaruralronda.es\/wp-content\/uploads\/2019\/11\/photo_20191005190312_6619533_0-e1574818301104.jpg","datePublished":"2019-12-01T02:29:21+00:00","dateModified":"2019-12-01T18:52:33+00:00","description":"L\u00e4ndlicher Tourismus in Ronda, Willkommen in unserer l\u00e4ndlichen Unterkunft, 10 Minuten von Ronda entfernt, Dienstleistungen, die Sie in unserem Haus finden k\u00f6nnen.","breadcrumb":{"@id":"https:\/\/www.casaruralronda.es\/de\/landlicher-tourismus-ronda\/#breadcrumb"},"inLanguage":"de","potentialAction":[{"@type":"ReadAction","target":["https:\/\/www.casaruralronda.es\/de\/landlicher-tourismus-ronda\/"]}]},{"@type":"ImageObject","inLanguage":"de","@id":"https:\/\/www.casaruralronda.es\/de\/landlicher-tourismus-ronda\/#primaryimage","url":"https:\/\/www.casaruralronda.es\/wp-content\/uploads\/2019\/11\/photo_20191005190312_6619533_0-e1574818301104.jpg","contentUrl":"https:\/\/www.casaruralronda.es\/wp-content\/uploads\/2019\/11\/photo_20191005190312_6619533_0-e1574818301104.jpg","width":600,"height":338,"caption":"Casa rural Ronda salon"},{"@type":"BreadcrumbList","@id":"https:\/\/www.casaruralronda.es\/de\/landlicher-tourismus-ronda\/#breadcrumb","itemListElement":[{"@type":"ListItem","position":1,"name":"Portada","item":"https:\/\/www.casaruralronda.es\/de\/"},{"@type":"ListItem","position":2,"name":"L\u00e4ndlicher Tourismus in Ronda"}]},{"@type":"WebSite","@id":"https:\/\/www.casaruralronda.es\/de\/#website","url":"https:\/\/www.casaruralronda.es\/de\/","name":"Casa Rural Ronda","description":"Casa rural en Ronda (M&aacute;laga)","publisher":{"@id":"https:\/\/www.casaruralronda.es\/de\/#organization"},"potentialAction":[{"@type":"SearchAction","target":{"@type":"EntryPoint","urlTemplate":"https:\/\/www.casaruralronda.es\/de\/?s={search_term_string}"},"query-input":{"@type":"PropertyValueSpecification","valueRequired":true,"valueName":"search_term_string"}}],"inLanguage":"de"},{"@type":"Organization","@id":"https:\/\/www.casaruralronda.es\/de\/#organization","name":"Casa Rural Ronda","url":"https:\/\/www.casaruralronda.es\/de\/","logo":{"@type":"ImageObject","inLanguage":"de","@id":"https:\/\/www.casaruralronda.es\/de\/#\/schema\/logo\/image\/","url":"https:\/\/www.casaruralronda.es\/wp-content\/uploads\/2019\/11\/casaruralronda.jpg","contentUrl":"https:\/\/www.casaruralronda.es\/wp-content\/uploads\/2019\/11\/casaruralronda.jpg","width":560,"height":560,"caption":"Casa Rural Ronda"},"image":{"@id":"https:\/\/www.casaruralronda.es\/de\/#\/schema\/logo\/image\/"},"sameAs":["https:\/\/www.facebook.com\/casaruralronda\/"]}]}},"_links":{"self":[{"href":"https:\/\/www.casaruralronda.es\/de\/wp-json\/wp\/v2\/pages\/285","targetHints":{"allow":["GET"]}}],"collection":[{"href":"https:\/\/www.casaruralronda.es\/de\/wp-json\/wp\/v2\/pages"}],"about":[{"href":"https:\/\/www.casaruralronda.es\/de\/wp-json\/wp\/v2\/types\/page"}],"author":[{"embeddable":true,"href":"https:\/\/www.casaruralronda.es\/de\/wp-json\/wp\/v2\/users\/1"}],"replies":[{"embeddable":true,"href":"https:\/\/www.casaruralronda.es\/de\/wp-json\/wp\/v2\/comments?post=285"}],"version-history":[{"count":5,"href":"https:\/\/www.casaruralronda.es\/de\/wp-json\/wp\/v2\/pages\/285\/revisions"}],"predecessor-version":[{"id":393,"href":"https:\/\/www.casaruralronda.es\/de\/wp-json\/wp\/v2\/pages\/285\/revisions\/393"}],"wp:featuredmedia":[{"embeddable":true,"href":"https:\/\/www.casaruralronda.es\/de\/wp-json\/wp\/v2\/media\/205"}],"wp:attachment":[{"href":"https:\/\/www.casaruralronda.es\/de\/wp-json\/wp\/v2\/media?parent=285"}],"curies":[{"name":"wp","href":"https:\/\/api.w.org\/{rel}","templated":true}]}}