{"id":294,"date":"2019-12-01T02:37:05","date_gmt":"2019-12-01T02:37:05","guid":{"rendered":"https:\/\/www.casaruralronda.es\/localizacion\/"},"modified":"2019-12-01T03:49:32","modified_gmt":"2019-12-01T03:49:32","slug":"localizacion","status":"publish","type":"page","link":"https:\/\/www.casaruralronda.es\/de\/localizacion\/","title":{"rendered":"Lage"},"content":{"rendered":"\n<p class=\"has-text-color has-background has-text-align-center has-normal-font-size has-background-color has-accent-background-color\">Nur 10 Autominuten vom Zentrum der Stadt Ronda entfernt, im Herzen der Serran\u00eda de Ronda, an einem strategisch g\u00fcnstigen Ort, um die Sierra de Grazalema, die Costa del Sol, M\u00e1laga, C\u00e1diz, Sevilla usw. zu besuchen.<\/p>\n\n\n\n<hr class=\"wp-block-separator\"\/>\n\n\n\n<p class=\"has-text-align-center\">WICHTIG<\/p>\n\n\n\n<p class=\"has-text-align-center\">Das Auto von Google Maps ist nicht auf die Fahrspur zum Haus gekommen, und die Angaben \u00fcber das Mobiltelefon und die Webanwendung sind falsch.<\/p>\n\n\n\n<p class=\"has-text-align-center\">Wir bleiben am Bahn\u00fcbergang und begleiten Sie zum Haus.<\/p>\n\n\n\n<hr class=\"wp-block-separator\"\/>\n\n\n\n<figure class=\"wp-block-image size-large is-style-default\"><img loading=\"lazy\" decoding=\"async\" width=\"950\" height=\"796\" src=\"https:\/\/www.casaruralronda.es\/wp-content\/uploads\/2019\/11\/mapa-casa-rural-ronda.jpg\" alt=\"\" class=\"wp-image-78\" srcset=\"https:\/\/www.casaruralronda.es\/wp-content\/uploads\/2019\/11\/mapa-casa-rural-ronda.jpg 950w, https:\/\/www.casaruralronda.es\/wp-content\/uploads\/2019\/11\/mapa-casa-rural-ronda-300x251.jpg 300w, https:\/\/www.casaruralronda.es\/wp-content\/uploads\/2019\/11\/mapa-casa-rural-ronda-768x644.jpg 768w\" sizes=\"auto, (max-width: 950px) 100vw, 950px\" \/><\/figure>\n\n\n\n<p class=\"has-text-align-center\"><\/p>\n","protected":false},"excerpt":{"rendered":"<p>Nur 10 Autominuten vom Zentrum der Stadt Ronda entfernt, im Herzen der Serran\u00eda de Ronda, an einem strategisch g\u00fcnstigen Ort, um die Sierra de Grazalema, die Costa del Sol, M\u00e1laga, C\u00e1diz, Sevilla usw. zu besuchen. WICHTIG Das Auto von Google Maps ist nicht auf die Fahrspur zum Haus gekommen, und die Angaben \u00fcber das Mobiltelefon [&hellip;]<\/p>\n","protected":false},"author":1,"featured_media":181,"parent":0,"menu_order":0,"comment_status":"closed","ping_status":"closed","template":"templates\/template-cover.php","meta":{"footnotes":""},"class_list":["post-294","page","type-page","status-publish","has-post-thumbnail","hentry"],"blocksy_meta":[],"yoast_head":"<!-- This site is optimized with the Yoast SEO plugin v26.6 - https:\/\/yoast.com\/wordpress\/plugins\/seo\/ -->\n<title>Lage - Casa Rural Ronda<\/title>\n<meta name=\"description\" content=\"In der Lage unseres Landhauses geben wir Ihnen die Wegbeschreibung, um unser Haus nur 10 Minuten vom Zentrum von Ronda entfernt zu erreichen\" \/>\n<meta name=\"robots\" content=\"index, follow, max-snippet:-1, max-image-preview:large, max-video-preview:-1\" \/>\n<link rel=\"canonical\" href=\"https:\/\/www.casaruralronda.es\/de\/localizacion\/\" \/>\n<meta property=\"og:locale\" content=\"de_DE\" \/>\n<meta property=\"og:type\" content=\"article\" \/>\n<meta property=\"og:title\" content=\"Lage - Casa Rural Ronda\" \/>\n<meta property=\"og:description\" content=\"In der Lage unseres Landhauses geben wir Ihnen die Wegbeschreibung, um unser Haus nur 10 Minuten vom Zentrum von Ronda entfernt zu erreichen\" \/>\n<meta property=\"og:url\" content=\"https:\/\/www.casaruralronda.es\/de\/localizacion\/\" \/>\n<meta property=\"og:site_name\" content=\"Casa Rural Ronda\" \/>\n<meta property=\"article:publisher\" content=\"https:\/\/www.facebook.com\/casaruralronda\/\" \/>\n<meta property=\"article:modified_time\" content=\"2019-12-01T03:49:32+00:00\" \/>\n<meta property=\"og:image\" content=\"https:\/\/www.casaruralronda.es\/wp-content\/uploads\/2019\/11\/casa-rura-ronda-mapa-e1574818415478.jpg\" \/>\n\t<meta property=\"og:image:width\" content=\"600\" \/>\n\t<meta property=\"og:image:height\" content=\"491\" \/>\n\t<meta property=\"og:image:type\" content=\"image\/jpeg\" \/>\n<meta name=\"twitter:card\" content=\"summary_large_image\" \/>\n<script type=\"application\/ld+json\" class=\"yoast-schema-graph\">{\"@context\":\"https:\/\/schema.org\",\"@graph\":[{\"@type\":\"WebPage\",\"@id\":\"https:\/\/www.casaruralronda.es\/de\/localizacion\/\",\"url\":\"https:\/\/www.casaruralronda.es\/de\/localizacion\/\",\"name\":\"Lage - Casa Rural Ronda\",\"isPartOf\":{\"@id\":\"https:\/\/www.casaruralronda.es\/de\/#website\"},\"primaryImageOfPage\":{\"@id\":\"https:\/\/www.casaruralronda.es\/de\/localizacion\/#primaryimage\"},\"image\":{\"@id\":\"https:\/\/www.casaruralronda.es\/de\/localizacion\/#primaryimage\"},\"thumbnailUrl\":\"https:\/\/www.casaruralronda.es\/wp-content\/uploads\/2019\/11\/casa-rura-ronda-mapa-e1574818415478.jpg\",\"datePublished\":\"2019-12-01T02:37:05+00:00\",\"dateModified\":\"2019-12-01T03:49:32+00:00\",\"description\":\"In der Lage unseres Landhauses geben wir Ihnen die Wegbeschreibung, um unser Haus nur 10 Minuten vom Zentrum von Ronda entfernt zu erreichen\",\"breadcrumb\":{\"@id\":\"https:\/\/www.casaruralronda.es\/de\/localizacion\/#breadcrumb\"},\"inLanguage\":\"de\",\"potentialAction\":[{\"@type\":\"ReadAction\",\"target\":[\"https:\/\/www.casaruralronda.es\/de\/localizacion\/\"]}]},{\"@type\":\"ImageObject\",\"inLanguage\":\"de\",\"@id\":\"https:\/\/www.casaruralronda.es\/de\/localizacion\/#primaryimage\",\"url\":\"https:\/\/www.casaruralronda.es\/wp-content\/uploads\/2019\/11\/casa-rura-ronda-mapa-e1574818415478.jpg\",\"contentUrl\":\"https:\/\/www.casaruralronda.es\/wp-content\/uploads\/2019\/11\/casa-rura-ronda-mapa-e1574818415478.jpg\",\"width\":600,\"height\":491},{\"@type\":\"BreadcrumbList\",\"@id\":\"https:\/\/www.casaruralronda.es\/de\/localizacion\/#breadcrumb\",\"itemListElement\":[{\"@type\":\"ListItem\",\"position\":1,\"name\":\"Portada\",\"item\":\"https:\/\/www.casaruralronda.es\/de\/\"},{\"@type\":\"ListItem\",\"position\":2,\"name\":\"Lage\"}]},{\"@type\":\"WebSite\",\"@id\":\"https:\/\/www.casaruralronda.es\/de\/#website\",\"url\":\"https:\/\/www.casaruralronda.es\/de\/\",\"name\":\"Casa Rural Ronda\",\"description\":\"Casa rural en Ronda (M&aacute;laga)\",\"publisher\":{\"@id\":\"https:\/\/www.casaruralronda.es\/de\/#organization\"},\"potentialAction\":[{\"@type\":\"SearchAction\",\"target\":{\"@type\":\"EntryPoint\",\"urlTemplate\":\"https:\/\/www.casaruralronda.es\/de\/?s={search_term_string}\"},\"query-input\":{\"@type\":\"PropertyValueSpecification\",\"valueRequired\":true,\"valueName\":\"search_term_string\"}}],\"inLanguage\":\"de\"},{\"@type\":\"Organization\",\"@id\":\"https:\/\/www.casaruralronda.es\/de\/#organization\",\"name\":\"Casa Rural Ronda\",\"url\":\"https:\/\/www.casaruralronda.es\/de\/\",\"logo\":{\"@type\":\"ImageObject\",\"inLanguage\":\"de\",\"@id\":\"https:\/\/www.casaruralronda.es\/de\/#\/schema\/logo\/image\/\",\"url\":\"https:\/\/www.casaruralronda.es\/wp-content\/uploads\/2019\/11\/casaruralronda.jpg\",\"contentUrl\":\"https:\/\/www.casaruralronda.es\/wp-content\/uploads\/2019\/11\/casaruralronda.jpg\",\"width\":560,\"height\":560,\"caption\":\"Casa Rural Ronda\"},\"image\":{\"@id\":\"https:\/\/www.casaruralronda.es\/de\/#\/schema\/logo\/image\/\"},\"sameAs\":[\"https:\/\/www.facebook.com\/casaruralronda\/\"]}]}<\/script>\n<!-- \/ Yoast SEO plugin. -->","yoast_head_json":{"title":"Lage - Casa Rural Ronda","description":"In der Lage unseres Landhauses geben wir Ihnen die Wegbeschreibung, um unser Haus nur 10 Minuten vom Zentrum von Ronda entfernt zu erreichen","robots":{"index":"index","follow":"follow","max-snippet":"max-snippet:-1","max-image-preview":"max-image-preview:large","max-video-preview":"max-video-preview:-1"},"canonical":"https:\/\/www.casaruralronda.es\/de\/localizacion\/","og_locale":"de_DE","og_type":"article","og_title":"Lage - Casa Rural Ronda","og_description":"In der Lage unseres Landhauses geben wir Ihnen die Wegbeschreibung, um unser Haus nur 10 Minuten vom Zentrum von Ronda entfernt zu erreichen","og_url":"https:\/\/www.casaruralronda.es\/de\/localizacion\/","og_site_name":"Casa Rural Ronda","article_publisher":"https:\/\/www.facebook.com\/casaruralronda\/","article_modified_time":"2019-12-01T03:49:32+00:00","og_image":[{"width":600,"height":491,"url":"https:\/\/www.casaruralronda.es\/wp-content\/uploads\/2019\/11\/casa-rura-ronda-mapa-e1574818415478.jpg","type":"image\/jpeg"}],"twitter_card":"summary_large_image","schema":{"@context":"https:\/\/schema.org","@graph":[{"@type":"WebPage","@id":"https:\/\/www.casaruralronda.es\/de\/localizacion\/","url":"https:\/\/www.casaruralronda.es\/de\/localizacion\/","name":"Lage - Casa Rural Ronda","isPartOf":{"@id":"https:\/\/www.casaruralronda.es\/de\/#website"},"primaryImageOfPage":{"@id":"https:\/\/www.casaruralronda.es\/de\/localizacion\/#primaryimage"},"image":{"@id":"https:\/\/www.casaruralronda.es\/de\/localizacion\/#primaryimage"},"thumbnailUrl":"https:\/\/www.casaruralronda.es\/wp-content\/uploads\/2019\/11\/casa-rura-ronda-mapa-e1574818415478.jpg","datePublished":"2019-12-01T02:37:05+00:00","dateModified":"2019-12-01T03:49:32+00:00","description":"In der Lage unseres Landhauses geben wir Ihnen die Wegbeschreibung, um unser Haus nur 10 Minuten vom Zentrum von Ronda entfernt zu erreichen","breadcrumb":{"@id":"https:\/\/www.casaruralronda.es\/de\/localizacion\/#breadcrumb"},"inLanguage":"de","potentialAction":[{"@type":"ReadAction","target":["https:\/\/www.casaruralronda.es\/de\/localizacion\/"]}]},{"@type":"ImageObject","inLanguage":"de","@id":"https:\/\/www.casaruralronda.es\/de\/localizacion\/#primaryimage","url":"https:\/\/www.casaruralronda.es\/wp-content\/uploads\/2019\/11\/casa-rura-ronda-mapa-e1574818415478.jpg","contentUrl":"https:\/\/www.casaruralronda.es\/wp-content\/uploads\/2019\/11\/casa-rura-ronda-mapa-e1574818415478.jpg","width":600,"height":491},{"@type":"BreadcrumbList","@id":"https:\/\/www.casaruralronda.es\/de\/localizacion\/#breadcrumb","itemListElement":[{"@type":"ListItem","position":1,"name":"Portada","item":"https:\/\/www.casaruralronda.es\/de\/"},{"@type":"ListItem","position":2,"name":"Lage"}]},{"@type":"WebSite","@id":"https:\/\/www.casaruralronda.es\/de\/#website","url":"https:\/\/www.casaruralronda.es\/de\/","name":"Casa Rural Ronda","description":"Casa rural en Ronda (M&aacute;laga)","publisher":{"@id":"https:\/\/www.casaruralronda.es\/de\/#organization"},"potentialAction":[{"@type":"SearchAction","target":{"@type":"EntryPoint","urlTemplate":"https:\/\/www.casaruralronda.es\/de\/?s={search_term_string}"},"query-input":{"@type":"PropertyValueSpecification","valueRequired":true,"valueName":"search_term_string"}}],"inLanguage":"de"},{"@type":"Organization","@id":"https:\/\/www.casaruralronda.es\/de\/#organization","name":"Casa Rural Ronda","url":"https:\/\/www.casaruralronda.es\/de\/","logo":{"@type":"ImageObject","inLanguage":"de","@id":"https:\/\/www.casaruralronda.es\/de\/#\/schema\/logo\/image\/","url":"https:\/\/www.casaruralronda.es\/wp-content\/uploads\/2019\/11\/casaruralronda.jpg","contentUrl":"https:\/\/www.casaruralronda.es\/wp-content\/uploads\/2019\/11\/casaruralronda.jpg","width":560,"height":560,"caption":"Casa Rural Ronda"},"image":{"@id":"https:\/\/www.casaruralronda.es\/de\/#\/schema\/logo\/image\/"},"sameAs":["https:\/\/www.facebook.com\/casaruralronda\/"]}]}},"_links":{"self":[{"href":"https:\/\/www.casaruralronda.es\/de\/wp-json\/wp\/v2\/pages\/294","targetHints":{"allow":["GET"]}}],"collection":[{"href":"https:\/\/www.casaruralronda.es\/de\/wp-json\/wp\/v2\/pages"}],"about":[{"href":"https:\/\/www.casaruralronda.es\/de\/wp-json\/wp\/v2\/types\/page"}],"author":[{"embeddable":true,"href":"https:\/\/www.casaruralronda.es\/de\/wp-json\/wp\/v2\/users\/1"}],"replies":[{"embeddable":true,"href":"https:\/\/www.casaruralronda.es\/de\/wp-json\/wp\/v2\/comments?post=294"}],"version-history":[{"count":5,"href":"https:\/\/www.casaruralronda.es\/de\/wp-json\/wp\/v2\/pages\/294\/revisions"}],"predecessor-version":[{"id":338,"href":"https:\/\/www.casaruralronda.es\/de\/wp-json\/wp\/v2\/pages\/294\/revisions\/338"}],"wp:featuredmedia":[{"embeddable":true,"href":"https:\/\/www.casaruralronda.es\/de\/wp-json\/wp\/v2\/media\/181"}],"wp:attachment":[{"href":"https:\/\/www.casaruralronda.es\/de\/wp-json\/wp\/v2\/media?parent=294"}],"curies":[{"name":"wp","href":"https:\/\/api.w.org\/{rel}","templated":true}]}}