{"id":299,"date":"2019-12-01T02:58:36","date_gmt":"2019-12-01T02:58:36","guid":{"rendered":"https:\/\/www.casaruralronda.es\/landhaus-ronda\/"},"modified":"2019-12-01T18:38:48","modified_gmt":"2019-12-01T18:38:48","slug":"landhaus-ronda","status":"publish","type":"page","link":"https:\/\/www.casaruralronda.es\/de\/","title":{"rendered":"Landhaus Ronda"},"content":{"rendered":"\n<div class=\"wp-block-group alignwide\"><div class=\"wp-block-group__inner-container is-layout-flow wp-block-group-is-layout-flow\">\n<h2 class=\"has-text-align-center wp-block-heading\">L\u00e4ndliches Tourismushaus in Ronda<\/h2>\n<\/div><\/div>\n\n\n\n<div class=\"wp-block-columns alignwide is-layout-flex wp-container-core-columns-is-layout-28f84493 wp-block-columns-is-layout-flex\">\n<div class=\"wp-block-column is-layout-flow wp-block-column-is-layout-flow\">\n<div class=\"wp-block-group\"><div class=\"wp-block-group__inner-container is-layout-flow wp-block-group-is-layout-flow\">\n<p>Willkommen in unserem <strong><a href=\"https:\/\/www.casaruralronda.es\/de\/landlicher-tourismus-ronda\/\">landhaus<\/a><\/strong>, nur 10 Minuten vom Zentrum der Stadt <strong>Ronda entfernt.<\/strong><\/p>\n\n\n\n<p>Wir sind auch nur wenige Minuten von den wichtigsten Naturdenkm\u00e4lern der <strong>Serran\u00eda de Ronda<\/strong>.<\/p>\n<\/div><\/div>\n\n\n\n<div class=\"wp-block-group\"><div class=\"wp-block-group__inner-container is-layout-flow wp-block-group-is-layout-flow\">\n<blockquote class=\"wp-block-quote is-layout-flow wp-block-quote-is-layout-flow\"><p>Tel: <strong>630340688<\/strong><\/p><\/blockquote>\n<\/div><\/div>\n<\/div>\n\n\n\n<div class=\"wp-block-column is-layout-flow wp-block-column-is-layout-flow\">\n<div class=\"wp-block-group\"><div class=\"wp-block-group__inner-container is-layout-flow wp-block-group-is-layout-flow\">\n<p>Sie haben die M\u00f6glichkeit, in einer alten <strong>Getreidem\u00fchle<\/strong> zu \u00fcbernachten, die 50 Meter vom Fluss Guadiaro entfernt restauriert wurde.<\/p>\n\n\n\n<p><strong><a href=\"https:\/\/www.casaruralronda.es\/de\/landlicher-tourismus-ronda\/fotografiie-landhaus-ronda\/\">Sie k\u00f6nnen hier einige Fotos sehen<\/a><\/strong>, wahrscheinlich eines der ruhigsten <strong>l\u00e4ndlichen<\/strong>H\u00e4user in der Umgebung<\/p>\n<\/div><\/div>\n\n\n\n<div class=\"wp-block-group\"><div class=\"wp-block-group__inner-container is-layout-flow wp-block-group-is-layout-flow\">\n<blockquote class=\"wp-block-quote is-layout-flow wp-block-quote-is-layout-flow\"><p><a href=\"https:\/\/www.casaruralronda.es\/de\/landhaus-reservierungs-ronda\/\"><strong>Sie k\u00f6nnen hier buchen<\/strong><\/a><\/p><\/blockquote>\n<\/div><\/div>\n<\/div>\n<\/div>\n\n\n\n<figure class=\"wp-block-image alignfull size-large is-style-circle-mask\"><img decoding=\"async\" src=\"https:\/\/www.casaruralronda.es\/wp-content\/uploads\/2019\/11\/casa-rural-ronda-exterior-1.jpg\" alt=\"Ronda Au\u00dfenlandhaus\" class=\"wp-image-102\"\/><figcaption>Ronda Au\u00dfenlandhaus<\/figcaption><\/figure>\n\n\n\n<div class=\"wp-block-group alignwide\"><div class=\"wp-block-group__inner-container is-layout-flow wp-block-group-is-layout-flow\">\n<h2 class=\"has-text-align-center wp-block-heading\">Ihre l\u00e4ndliche Unterkunft in Ronda<\/h2>\n\n\n\n<p class=\"has-text-align-center\"><strong>Landhaus in Ronda<\/strong>, Unterkunft mit 9 Betten, 3 Schlafzimmern, 3 Badezimmern und 3500 m2 Land im Gr\u00fcnen, umgeben vom Fluss Guadiaro und der Geburt des Cascajales.<\/p>\n<\/div><\/div>\n\n\n\n<p class=\"has-text-align-center\"><strong>Vor allem Relax <\/strong><\/p>\n\n\n\n<figure class=\"wp-block-gallery alignwide columns-3 is-cropped wp-block-gallery-1 is-layout-flex wp-block-gallery-is-layout-flex\"><ul class=\"blocks-gallery-grid\"><li class=\"blocks-gallery-item\"><figure><img decoding=\"async\" src=\"https:\/\/www.casaruralronda.es\/wp-content\/uploads\/2019\/11\/photo_20191005190002_6619520_0.jpg\" alt=\"\" data-id=\"59\" data-link=\"https:\/\/www.casaruralronda.es\/el-nuevo-umoma-abre-sus-puertas-2\/photo_20191005190002_6619520_0\/\" class=\"wp-image-59\"\/><\/figure><\/li><li class=\"blocks-gallery-item\"><figure><img decoding=\"async\" src=\"https:\/\/www.casaruralronda.es\/wp-content\/uploads\/2019\/11\/habitacion-principal.jpg\" alt=\"\" data-id=\"61\" data-link=\"https:\/\/www.casaruralronda.es\/el-nuevo-umoma-abre-sus-puertas-2\/habitacion-principal\/\" class=\"wp-image-61\"\/><\/figure><\/li><li class=\"blocks-gallery-item\"><figure><img decoding=\"async\" src=\"https:\/\/www.casaruralronda.es\/wp-content\/uploads\/2019\/11\/habitacionplantabaja.jpg\" alt=\"\" data-id=\"62\" data-full-url=\"https:\/\/www.casaruralronda.es\/wp-content\/uploads\/2019\/11\/habitacionplantabaja.jpg\" data-link=\"https:\/\/www.casaruralronda.es\/el-nuevo-umoma-abre-sus-puertas-2\/habitacionplantabaja\/\" class=\"wp-image-62\"\/><\/figure><\/li><li class=\"blocks-gallery-item\"><figure><img decoding=\"async\" src=\"https:\/\/www.casaruralronda.es\/wp-content\/uploads\/2019\/11\/salon-cocina-molino-de-simon.jpg\" alt=\"\" data-id=\"60\" data-link=\"https:\/\/www.casaruralronda.es\/el-nuevo-umoma-abre-sus-puertas-2\/salon-cocina-molino-de-simon\/\" class=\"wp-image-60\"\/><\/figure><\/li><\/ul><\/figure>\n\n\n\n<p><\/p>\n\n\n\n<hr class=\"wp-block-separator\"\/>\n\n\n\n<h5 class=\"wp-block-heading\">Ronda Ciudad So\u00f1ada<\/h5>\n\n\n\n<p><strong>Ronda<\/strong> hat aufgrund seiner geografischen Lage eine umfangreiche Geschichte zu erz\u00e4hlen. <\/p>\n\n\n\n<p>Es gibt viele Menschen, die es im Laufe der Zeit bewohnt haben.<\/p>\n\n\n\n<p>Jeder von ihnen hat eine Probe seiner Kultur und seines Lebens hinterlassen.<\/p>\n\n\n\n<p>Bereits in der Vorgeschichte war <strong>Ronda<\/strong> bewohnt.<\/p>\n\n\n\n<p>Ein Beweis daf\u00fcr sind die \u00dcberreste aus dem Genal- und Guadiaro-Tal in der Pileta-H\u00f6hle (Benaoj\u00e1n). <\/p>\n\n\n\n<p>Wo wir \u00dcberreste von H\u00f6hlenmalereien sehen, finden sich menschliche und n\u00fctzliche \u00dcberreste aus der Altsteinzeit bis zur Jungsteinzeit.<\/p>\n\n\n\n<p><\/p>\n\n\n\n<p>Die Stadt <strong>Ronda<\/strong> als solche hatte ihre Urspr\u00fcnge bei den Kelten, die sie gegen das 6. Jahrhundert v. Chr. Arunda nannten, sich mit den iberischen V\u00f6lkern mischten und anderen V\u00f6lkern der damaligen Zeit die Aufgabe gaben, das gesamte Gebiet von Ronde\u00f1o zu besetzen. <\/p>\n\n\n\n<p>Deshalb ist Ronda Geschichte, wie wir an den wichtigsten Monumenten sehen k\u00f6nnen.<\/p>\n\n\n\n<p><\/p>\n\n\n\n<p><strong>Ronda<\/strong> ist Geschichte, es ist Kunst, es ist Kultur, es ist Wein, Gastronomie, es ist vor allem Vergangenheit und Gegenwart. In unserer Stadt finden Sie ein gro\u00dfartiges Angebot an <strong>Restaurants und Tapas-Bars<\/strong> , in denen Sie die Kreativit\u00e4t unseres K\u00fcchenchefs und die Produkte der Region entdecken k\u00f6nnen zone.<\/p>\n\n\n\n<p>All dies mit dem gro\u00dfartigen Angebot von <strong>Wines of Ronda<\/strong>.<\/p>\n\n\n\n<hr class=\"wp-block-separator\"\/>\n\n\n\n<h5 class=\"wp-block-heading\">Serrania de Ronda<\/h5>\n\n\n\n<p>Das erste, was unsere G\u00e4ste neben der Ruhe sch\u00e4tzen, ist, dass sich das Haus im Zentrum der <strong>Serran\u00eda de Ronda<\/strong> befindet und von dort aus Sie in wenigen Minuten zu allen D\u00f6rfern gelangen:<\/p>\n\n\n\n<p>Algatoc\u00edn, Alpandeire, Arriate, Atajate, Benadalid, Benalaur\u00eda , Benaoj\u00e1n, Benarrab\u00e1, Cortes de la Frontera, Cartajima, Faraj\u00e1n, Gauc\u00edn, Genalguacil, Igualeja, Jimera de Libar, Jubrique, J\u00fazcar, Montejaque, Montecorto, Parauta, Pujerra, Ronda, Serrato.<\/p>\n\n\n\n<p>Wir sind auch eine Autostunde von Marbella, Puerto Ban\u00fas, entfernt. Der nahegelegene Bahnhof erm\u00f6glicht Ihnen die Verbindung mit:<\/p>\n\n\n\n<p>San Roque, Gibraltar, Algeciras, M\u00e1laga, Granada, Madrid Daher kann es geografische Mobilit\u00e4t haben.<\/p>\n\n\n\n<p>Dar\u00fcber hinaus sind wir auch sehr nah an den wichtigsten Naturdenkm\u00e4lern der <strong>Serran\u00eda de Ronda<\/strong>: H\u00f6hle der Katze, Sumpf von Montejaque H\u00f6hle der Pileta, Sumpf von Zahara.<\/p>\n\n\n\n<p>Historische Denkm\u00e4ler wie: Tajo de Ronda (Puente Nuevo), La Alameda del Tajo, Plaza de Toros, Palacio de Mondrag\u00f3n, Murallas y Puertas Isl\u00e1micas de Ronda, Ba\u00f1os \u00c1rabes , Casa del Rey Moro, Yacimiento Arqueol\u00f3gico de Acinipo<\/p>\n\n\n\n<p>Und ein langes usw., das Ihren Besuch unvergesslich machen wird. <\/p>\n\n\n\n<p>Die Schlussfolgerung ist zweifellos, dass Sie ein Teil der Geschichte von Ronda sein werden, wenn Sie durch die Stra\u00dfen gehen. <\/p>\n\n\n\n<p>Erfahren Sie mehr \u00fcber Ronda in <a href=\"https:\/\/es.wikipedia.org\/wiki\/Ronda\">Wikipedia<\/a> <\/p>\n","protected":false},"excerpt":{"rendered":"<p>L\u00e4ndliches Tourismushaus in Ronda Willkommen in unserem landhaus, nur 10 Minuten vom Zentrum der Stadt Ronda entfernt. Wir sind auch nur wenige Minuten von den wichtigsten Naturdenkm\u00e4lern der Serran\u00eda de Ronda. Tel: 630340688 Sie haben die M\u00f6glichkeit, in einer alten Getreidem\u00fchle zu \u00fcbernachten, die 50 Meter vom Fluss Guadiaro entfernt restauriert wurde. Sie k\u00f6nnen hier [&hellip;]<\/p>\n","protected":false},"author":1,"featured_media":154,"parent":0,"menu_order":0,"comment_status":"closed","ping_status":"closed","template":"templates\/template-cover.php","meta":{"footnotes":""},"class_list":["post-299","page","type-page","status-publish","has-post-thumbnail","hentry"],"blocksy_meta":[],"yoast_head":"<!-- This site is optimized with the Yoast SEO plugin v26.6 - https:\/\/yoast.com\/wordpress\/plugins\/seo\/ -->\n<title>Landhaus Ronda Willkommen in Ihrer l\u00e4ndlichen Unterkunft in der Stadt Ronda, M\u00e1laga, nur 10 Minuten vom Zentrum der Stadt Ronda entfernt inmitten der Natur<\/title>\n<meta name=\"description\" content=\"Landhaus Ronda Willkommen in Ihrer l\u00e4ndlichen Unterkunft in der Stadt Ronda, M\u00e1laga, nur 10 Minuten vom Zentrum der Stadt Ronda entfernt inmitten der Natur\" \/>\n<meta name=\"robots\" content=\"index, follow, max-snippet:-1, max-image-preview:large, max-video-preview:-1\" \/>\n<link rel=\"canonical\" href=\"https:\/\/www.casaruralronda.es\/de\/\" \/>\n<meta property=\"og:locale\" content=\"de_DE\" \/>\n<meta property=\"og:type\" content=\"article\" \/>\n<meta property=\"og:title\" content=\"Landhaus Ronda Willkommen in Ihrer l\u00e4ndlichen Unterkunft in der Stadt Ronda, M\u00e1laga, nur 10 Minuten vom Zentrum der Stadt Ronda entfernt inmitten der Natur\" \/>\n<meta property=\"og:description\" content=\"Landhaus Ronda Willkommen in Ihrer l\u00e4ndlichen Unterkunft in der Stadt Ronda, M\u00e1laga, nur 10 Minuten vom Zentrum der Stadt Ronda entfernt inmitten der Natur\" \/>\n<meta property=\"og:url\" content=\"https:\/\/www.casaruralronda.es\/de\/\" \/>\n<meta property=\"og:site_name\" content=\"Casa Rural Ronda\" \/>\n<meta property=\"article:publisher\" content=\"https:\/\/www.facebook.com\/casaruralronda\/\" \/>\n<meta property=\"article:modified_time\" content=\"2019-12-01T18:38:48+00:00\" \/>\n<meta property=\"og:image\" content=\"https:\/\/www.casaruralronda.es\/wp-content\/uploads\/2019\/11\/casa-rura-ronda-e1574818509182.jpg\" \/>\n\t<meta property=\"og:image:width\" content=\"600\" \/>\n\t<meta property=\"og:image:height\" content=\"428\" \/>\n\t<meta property=\"og:image:type\" content=\"image\/jpeg\" \/>\n<meta name=\"twitter:card\" content=\"summary_large_image\" \/>\n<meta name=\"twitter:label1\" content=\"Gesch\u00e4tzte Lesezeit\" \/>\n\t<meta name=\"twitter:data1\" content=\"3\u00a0Minuten\" \/>\n<script type=\"application\/ld+json\" class=\"yoast-schema-graph\">{\"@context\":\"https:\/\/schema.org\",\"@graph\":[{\"@type\":\"WebPage\",\"@id\":\"https:\/\/www.casaruralronda.es\/de\/\",\"url\":\"https:\/\/www.casaruralronda.es\/de\/\",\"name\":\"Landhaus Ronda Willkommen in Ihrer l\u00e4ndlichen Unterkunft in der Stadt Ronda, M\u00e1laga, nur 10 Minuten vom Zentrum der Stadt Ronda entfernt inmitten der Natur\",\"isPartOf\":{\"@id\":\"https:\/\/www.casaruralronda.es\/de\/#website\"},\"primaryImageOfPage\":{\"@id\":\"https:\/\/www.casaruralronda.es\/de\/#primaryimage\"},\"image\":{\"@id\":\"https:\/\/www.casaruralronda.es\/de\/#primaryimage\"},\"thumbnailUrl\":\"https:\/\/www.casaruralronda.es\/wp-content\/uploads\/2019\/11\/casa-rura-ronda-e1574818509182.jpg\",\"datePublished\":\"2019-12-01T02:58:36+00:00\",\"dateModified\":\"2019-12-01T18:38:48+00:00\",\"description\":\"Landhaus Ronda Willkommen in Ihrer l\u00e4ndlichen Unterkunft in der Stadt Ronda, M\u00e1laga, nur 10 Minuten vom Zentrum der Stadt Ronda entfernt inmitten der Natur\",\"breadcrumb\":{\"@id\":\"https:\/\/www.casaruralronda.es\/de\/#breadcrumb\"},\"inLanguage\":\"de\",\"potentialAction\":[{\"@type\":\"ReadAction\",\"target\":[\"https:\/\/www.casaruralronda.es\/de\/\"]}]},{\"@type\":\"ImageObject\",\"inLanguage\":\"de\",\"@id\":\"https:\/\/www.casaruralronda.es\/de\/#primaryimage\",\"url\":\"https:\/\/www.casaruralronda.es\/wp-content\/uploads\/2019\/11\/casa-rura-ronda-e1574818509182.jpg\",\"contentUrl\":\"https:\/\/www.casaruralronda.es\/wp-content\/uploads\/2019\/11\/casa-rura-ronda-e1574818509182.jpg\",\"width\":600,\"height\":428,\"caption\":\"Casa Rural Ronda\"},{\"@type\":\"BreadcrumbList\",\"@id\":\"https:\/\/www.casaruralronda.es\/de\/#breadcrumb\",\"itemListElement\":[{\"@type\":\"ListItem\",\"position\":1,\"name\":\"Portada\",\"item\":\"https:\/\/www.casaruralronda.es\/de\/\"},{\"@type\":\"ListItem\",\"position\":2,\"name\":\"Landhaus Ronda\"}]},{\"@type\":\"WebSite\",\"@id\":\"https:\/\/www.casaruralronda.es\/de\/#website\",\"url\":\"https:\/\/www.casaruralronda.es\/de\/\",\"name\":\"Casa Rural Ronda\",\"description\":\"Casa rural en Ronda (M&aacute;laga)\",\"publisher\":{\"@id\":\"https:\/\/www.casaruralronda.es\/de\/#organization\"},\"potentialAction\":[{\"@type\":\"SearchAction\",\"target\":{\"@type\":\"EntryPoint\",\"urlTemplate\":\"https:\/\/www.casaruralronda.es\/de\/?s={search_term_string}\"},\"query-input\":{\"@type\":\"PropertyValueSpecification\",\"valueRequired\":true,\"valueName\":\"search_term_string\"}}],\"inLanguage\":\"de\"},{\"@type\":\"Organization\",\"@id\":\"https:\/\/www.casaruralronda.es\/de\/#organization\",\"name\":\"Casa Rural Ronda\",\"url\":\"https:\/\/www.casaruralronda.es\/de\/\",\"logo\":{\"@type\":\"ImageObject\",\"inLanguage\":\"de\",\"@id\":\"https:\/\/www.casaruralronda.es\/de\/#\/schema\/logo\/image\/\",\"url\":\"https:\/\/www.casaruralronda.es\/wp-content\/uploads\/2019\/11\/casaruralronda.jpg\",\"contentUrl\":\"https:\/\/www.casaruralronda.es\/wp-content\/uploads\/2019\/11\/casaruralronda.jpg\",\"width\":560,\"height\":560,\"caption\":\"Casa Rural Ronda\"},\"image\":{\"@id\":\"https:\/\/www.casaruralronda.es\/de\/#\/schema\/logo\/image\/\"},\"sameAs\":[\"https:\/\/www.facebook.com\/casaruralronda\/\"]}]}<\/script>\n<!-- \/ Yoast SEO plugin. -->","yoast_head_json":{"title":"Landhaus Ronda Willkommen in Ihrer l\u00e4ndlichen Unterkunft in der Stadt Ronda, M\u00e1laga, nur 10 Minuten vom Zentrum der Stadt Ronda entfernt inmitten der Natur","description":"Landhaus Ronda Willkommen in Ihrer l\u00e4ndlichen Unterkunft in der Stadt Ronda, M\u00e1laga, nur 10 Minuten vom Zentrum der Stadt Ronda entfernt inmitten der Natur","robots":{"index":"index","follow":"follow","max-snippet":"max-snippet:-1","max-image-preview":"max-image-preview:large","max-video-preview":"max-video-preview:-1"},"canonical":"https:\/\/www.casaruralronda.es\/de\/","og_locale":"de_DE","og_type":"article","og_title":"Landhaus Ronda Willkommen in Ihrer l\u00e4ndlichen Unterkunft in der Stadt Ronda, M\u00e1laga, nur 10 Minuten vom Zentrum der Stadt Ronda entfernt inmitten der Natur","og_description":"Landhaus Ronda Willkommen in Ihrer l\u00e4ndlichen Unterkunft in der Stadt Ronda, M\u00e1laga, nur 10 Minuten vom Zentrum der Stadt Ronda entfernt inmitten der Natur","og_url":"https:\/\/www.casaruralronda.es\/de\/","og_site_name":"Casa Rural Ronda","article_publisher":"https:\/\/www.facebook.com\/casaruralronda\/","article_modified_time":"2019-12-01T18:38:48+00:00","og_image":[{"width":600,"height":428,"url":"https:\/\/www.casaruralronda.es\/wp-content\/uploads\/2019\/11\/casa-rura-ronda-e1574818509182.jpg","type":"image\/jpeg"}],"twitter_card":"summary_large_image","twitter_misc":{"Gesch\u00e4tzte Lesezeit":"3\u00a0Minuten"},"schema":{"@context":"https:\/\/schema.org","@graph":[{"@type":"WebPage","@id":"https:\/\/www.casaruralronda.es\/de\/","url":"https:\/\/www.casaruralronda.es\/de\/","name":"Landhaus Ronda Willkommen in Ihrer l\u00e4ndlichen Unterkunft in der Stadt Ronda, M\u00e1laga, nur 10 Minuten vom Zentrum der Stadt Ronda entfernt inmitten der Natur","isPartOf":{"@id":"https:\/\/www.casaruralronda.es\/de\/#website"},"primaryImageOfPage":{"@id":"https:\/\/www.casaruralronda.es\/de\/#primaryimage"},"image":{"@id":"https:\/\/www.casaruralronda.es\/de\/#primaryimage"},"thumbnailUrl":"https:\/\/www.casaruralronda.es\/wp-content\/uploads\/2019\/11\/casa-rura-ronda-e1574818509182.jpg","datePublished":"2019-12-01T02:58:36+00:00","dateModified":"2019-12-01T18:38:48+00:00","description":"Landhaus Ronda Willkommen in Ihrer l\u00e4ndlichen Unterkunft in der Stadt Ronda, M\u00e1laga, nur 10 Minuten vom Zentrum der Stadt Ronda entfernt inmitten der Natur","breadcrumb":{"@id":"https:\/\/www.casaruralronda.es\/de\/#breadcrumb"},"inLanguage":"de","potentialAction":[{"@type":"ReadAction","target":["https:\/\/www.casaruralronda.es\/de\/"]}]},{"@type":"ImageObject","inLanguage":"de","@id":"https:\/\/www.casaruralronda.es\/de\/#primaryimage","url":"https:\/\/www.casaruralronda.es\/wp-content\/uploads\/2019\/11\/casa-rura-ronda-e1574818509182.jpg","contentUrl":"https:\/\/www.casaruralronda.es\/wp-content\/uploads\/2019\/11\/casa-rura-ronda-e1574818509182.jpg","width":600,"height":428,"caption":"Casa Rural Ronda"},{"@type":"BreadcrumbList","@id":"https:\/\/www.casaruralronda.es\/de\/#breadcrumb","itemListElement":[{"@type":"ListItem","position":1,"name":"Portada","item":"https:\/\/www.casaruralronda.es\/de\/"},{"@type":"ListItem","position":2,"name":"Landhaus Ronda"}]},{"@type":"WebSite","@id":"https:\/\/www.casaruralronda.es\/de\/#website","url":"https:\/\/www.casaruralronda.es\/de\/","name":"Casa Rural Ronda","description":"Casa rural en Ronda (M&aacute;laga)","publisher":{"@id":"https:\/\/www.casaruralronda.es\/de\/#organization"},"potentialAction":[{"@type":"SearchAction","target":{"@type":"EntryPoint","urlTemplate":"https:\/\/www.casaruralronda.es\/de\/?s={search_term_string}"},"query-input":{"@type":"PropertyValueSpecification","valueRequired":true,"valueName":"search_term_string"}}],"inLanguage":"de"},{"@type":"Organization","@id":"https:\/\/www.casaruralronda.es\/de\/#organization","name":"Casa Rural Ronda","url":"https:\/\/www.casaruralronda.es\/de\/","logo":{"@type":"ImageObject","inLanguage":"de","@id":"https:\/\/www.casaruralronda.es\/de\/#\/schema\/logo\/image\/","url":"https:\/\/www.casaruralronda.es\/wp-content\/uploads\/2019\/11\/casaruralronda.jpg","contentUrl":"https:\/\/www.casaruralronda.es\/wp-content\/uploads\/2019\/11\/casaruralronda.jpg","width":560,"height":560,"caption":"Casa Rural Ronda"},"image":{"@id":"https:\/\/www.casaruralronda.es\/de\/#\/schema\/logo\/image\/"},"sameAs":["https:\/\/www.facebook.com\/casaruralronda\/"]}]}},"_links":{"self":[{"href":"https:\/\/www.casaruralronda.es\/de\/wp-json\/wp\/v2\/pages\/299","targetHints":{"allow":["GET"]}}],"collection":[{"href":"https:\/\/www.casaruralronda.es\/de\/wp-json\/wp\/v2\/pages"}],"about":[{"href":"https:\/\/www.casaruralronda.es\/de\/wp-json\/wp\/v2\/types\/page"}],"author":[{"embeddable":true,"href":"https:\/\/www.casaruralronda.es\/de\/wp-json\/wp\/v2\/users\/1"}],"replies":[{"embeddable":true,"href":"https:\/\/www.casaruralronda.es\/de\/wp-json\/wp\/v2\/comments?post=299"}],"version-history":[{"count":7,"href":"https:\/\/www.casaruralronda.es\/de\/wp-json\/wp\/v2\/pages\/299\/revisions"}],"predecessor-version":[{"id":392,"href":"https:\/\/www.casaruralronda.es\/de\/wp-json\/wp\/v2\/pages\/299\/revisions\/392"}],"wp:featuredmedia":[{"embeddable":true,"href":"https:\/\/www.casaruralronda.es\/de\/wp-json\/wp\/v2\/media\/154"}],"wp:attachment":[{"href":"https:\/\/www.casaruralronda.es\/de\/wp-json\/wp\/v2\/media?parent=299"}],"curies":[{"name":"wp","href":"https:\/\/api.w.org\/{rel}","templated":true}]}}