{"id":255,"date":"2019-12-01T01:32:02","date_gmt":"2019-12-01T01:32:02","guid":{"rendered":"https:\/\/www.casaruralronda.es\/rural-tourism-in-ronda\/"},"modified":"2019-12-01T18:33:20","modified_gmt":"2019-12-01T18:33:20","slug":"rural-tourism-in-ronda","status":"publish","type":"page","link":"https:\/\/www.casaruralronda.es\/en\/rural-tourism-in-ronda\/","title":{"rendered":"Rural Tourism in Ronda"},"content":{"rendered":"\n<p class=\"has-text-align-center\">Rural Tourism in Ronda an unforgettable experience.<\/p>\n\n\n\n<figure class=\"wp-block-image size-large is-style-circle-mask\"><img decoding=\"async\" src=\"https:\/\/www.casaruralronda.es\/wp-content\/uploads\/2019\/11\/habitacion-principal-1.jpg\" alt=\"Room Rural House Ronda\" class=\"wp-image-90\"\/><figcaption>Room Rural House Ronda<\/figcaption><\/figure>\n\n\n\n<p class=\"has-text-align-center\">Our <strong>house <\/strong> is an old restored Flour Mill has all the comforts. <\/p>\n\n\n\n<p class=\"has-text-align-center\">It has 3 bedrooms and 3 bathrooms with a total of 7 places for adults and two children, plus 3,500 m2 of land next to the <a href=\"https:\/\/es.wikipedia.org\/wiki\/R%C3%ADo_Guadiaro\">Guadiaro River<\/a>.<\/p>\n\n\n\n<p>You can see our <a href=\"https:\/\/www.casaruralronda.es\/en\/rural-tourism-in-ronda\/photos\/\">photo gallery<\/a><\/p>\n\n\n\n<hr class=\"wp-block-separator\"\/>\n\n\n\n<h3 class=\"has-text-align-center wp-block-heading\">Services that you will find in our Rural Tourism House<\/h3>\n\n\n\n<div class=\"wp-block-group\"><div class=\"wp-block-group__inner-container is-layout-flow wp-block-group-is-layout-flow\">\n<div class=\"wp-block-group alignfull\"><div class=\"wp-block-group__inner-container is-layout-flow wp-block-group-is-layout-flow\">\n<p class=\"has-text-align-center\">Parking<\/p>\n\n\n\n<p class=\"has-text-align-center\">Wifi<\/p>\n\n\n\n<p class=\"has-text-align-center\">TV Satelite<\/p>\n\n\n\n<p class=\"has-text-align-center\">Air Conditioning<\/p>\n\n\n\n<p class=\"has-text-align-center\">Fireplace<\/p>\n\n\n\n<p class=\"has-text-align-center\">Heating<\/p>\n\n\n\n<p class=\"has-text-align-center\">Fire Alarm<\/p>\n\n\n\n<p class=\"has-text-align-center\">Gas Alarm<\/p>\n\n\n\n<p class=\"has-text-align-center\">CO2 extinguishers<\/p>\n\n\n\n<p class=\"has-text-align-center\">Dishwasher<\/p>\n\n\n\n<p class=\"has-text-align-center\">Washer<\/p>\n\n\n\n<p class=\"has-text-align-center\">Oven<\/p>\n\n\n\n<p class=\"has-text-align-center\">Microwave<\/p>\n\n\n\n<p class=\"has-text-align-center\">Fridge<\/p>\n\n\n\n<p class=\"has-text-align-center\">Hairdryer<\/p>\n<\/div><\/div>\n<\/div><\/div>\n\n\n\n<hr class=\"wp-block-separator\"\/>\n\n\n\n<p>Our accommodation of <strong>rural tourism<\/strong> It is only 10 minutes from the center of the <strong>Ronda City <\/strong>, we are very close to all the towns of the Serran\u00eda de Ronda: Algatoc\u00edn, Alpandeire, Arriate, Atajate, Benadalid, Benalaur\u00eda , Benaoj\u00e1n, Benarrab\u00e1, Cortes de la Frontera, Cartajima, Faraj\u00e1n, Gauc\u00edn, Genalguacil, Igualeja, Jimera de Libar, Jubrique, J\u00fazcar, Montejaque, Montecorto, Parauta, Pujerra, Ronda, Serrato.<\/p>\n\n\n\n<p>We are an hour&#8217;s drive from Marbella, Puerto Ban\u00fas, and we have the <a href=\"https:\/\/www.instagram.com\/estaciondebenaojan\/\"><strong>Benaoj\u00e1n-Montejaque train station<\/strong><\/a> 300 meters away that will allow you to connect with:<\/p>\n\n\n\n<p>San Roque, Gibraltar, Algeciras, M\u00e1laga, Granada, Madrid, Barcelona, Zaragoza etc, This allows you to have geographic mobility from our accommodation.<\/p>\n\n\n\n<p>We are also very close to the most important natural Monuments of the <strong>Serran\u00eda de Ronda<\/strong>: Cueva del Gato, Pantano de Montejaque Cueva de la Pileta, Pantano de Zahara.<\/p>\n","protected":false},"excerpt":{"rendered":"<p>Rural Tourism in Ronda an unforgettable experience. Our house is an old restored Flour Mill has all the comforts. It has 3 bedrooms and 3 bathrooms with a total of 7 places for adults and two children, plus 3,500 m2 of land next to the Guadiaro River. You can see our photo gallery Services that [&hellip;]<\/p>\n","protected":false},"author":1,"featured_media":203,"parent":0,"menu_order":0,"comment_status":"closed","ping_status":"closed","template":"","meta":{"footnotes":""},"class_list":["post-255","page","type-page","status-publish","has-post-thumbnail","hentry"],"blocksy_meta":[],"yoast_head":"<!-- This site is optimized with the Yoast SEO plugin v26.6 - https:\/\/yoast.com\/wordpress\/plugins\/seo\/ -->\n<title>Rural Tourism in Ronda - Rural House Ronda your Rural accommodation<\/title>\n<meta name=\"description\" content=\"Rural Tourism in Ronda, welcome to our rural accommodation 10 minutes from Ronda, services that you can find in our house.\" \/>\n<meta name=\"robots\" content=\"index, follow, max-snippet:-1, max-image-preview:large, max-video-preview:-1\" \/>\n<link rel=\"canonical\" href=\"https:\/\/www.casaruralronda.es\/en\/rural-tourism-in-ronda\/\" \/>\n<meta property=\"og:locale\" content=\"en_US\" \/>\n<meta property=\"og:type\" content=\"article\" \/>\n<meta property=\"og:title\" content=\"Rural Tourism in Ronda - Rural House Ronda your Rural accommodation\" \/>\n<meta property=\"og:description\" content=\"Rural Tourism in Ronda, welcome to our rural accommodation 10 minutes from Ronda, services that you can find in our house.\" \/>\n<meta property=\"og:url\" content=\"https:\/\/www.casaruralronda.es\/en\/rural-tourism-in-ronda\/\" \/>\n<meta property=\"og:site_name\" content=\"Casa Rural Ronda\" \/>\n<meta property=\"article:publisher\" content=\"https:\/\/www.facebook.com\/casaruralronda\/\" \/>\n<meta property=\"article:modified_time\" content=\"2019-12-01T18:33:20+00:00\" \/>\n<meta property=\"og:image\" content=\"https:\/\/www.casaruralronda.es\/wp-content\/uploads\/2019\/11\/photo_20191005190312_6619533_0-e1574818301104.jpg\" \/>\n\t<meta property=\"og:image:width\" content=\"600\" \/>\n\t<meta property=\"og:image:height\" content=\"338\" \/>\n\t<meta property=\"og:image:type\" content=\"image\/jpeg\" \/>\n<meta name=\"twitter:card\" content=\"summary_large_image\" \/>\n<meta name=\"twitter:label1\" content=\"Est. reading time\" \/>\n\t<meta name=\"twitter:data1\" content=\"1 minute\" \/>\n<script type=\"application\/ld+json\" class=\"yoast-schema-graph\">{\"@context\":\"https:\/\/schema.org\",\"@graph\":[{\"@type\":\"WebPage\",\"@id\":\"https:\/\/www.casaruralronda.es\/en\/rural-tourism-in-ronda\/\",\"url\":\"https:\/\/www.casaruralronda.es\/en\/rural-tourism-in-ronda\/\",\"name\":\"Rural Tourism in Ronda - Rural House Ronda your Rural accommodation\",\"isPartOf\":{\"@id\":\"https:\/\/www.casaruralronda.es\/en\/#website\"},\"primaryImageOfPage\":{\"@id\":\"https:\/\/www.casaruralronda.es\/en\/rural-tourism-in-ronda\/#primaryimage\"},\"image\":{\"@id\":\"https:\/\/www.casaruralronda.es\/en\/rural-tourism-in-ronda\/#primaryimage\"},\"thumbnailUrl\":\"https:\/\/www.casaruralronda.es\/wp-content\/uploads\/2019\/11\/photo_20191005190312_6619533_0-e1574818301104.jpg\",\"datePublished\":\"2019-12-01T01:32:02+00:00\",\"dateModified\":\"2019-12-01T18:33:20+00:00\",\"description\":\"Rural Tourism in Ronda, welcome to our rural accommodation 10 minutes from Ronda, services that you can find in our house.\",\"breadcrumb\":{\"@id\":\"https:\/\/www.casaruralronda.es\/en\/rural-tourism-in-ronda\/#breadcrumb\"},\"inLanguage\":\"en-US\",\"potentialAction\":[{\"@type\":\"ReadAction\",\"target\":[\"https:\/\/www.casaruralronda.es\/en\/rural-tourism-in-ronda\/\"]}]},{\"@type\":\"ImageObject\",\"inLanguage\":\"en-US\",\"@id\":\"https:\/\/www.casaruralronda.es\/en\/rural-tourism-in-ronda\/#primaryimage\",\"url\":\"https:\/\/www.casaruralronda.es\/wp-content\/uploads\/2019\/11\/photo_20191005190312_6619533_0-e1574818301104.jpg\",\"contentUrl\":\"https:\/\/www.casaruralronda.es\/wp-content\/uploads\/2019\/11\/photo_20191005190312_6619533_0-e1574818301104.jpg\",\"width\":600,\"height\":338,\"caption\":\"Casa rural Ronda salon\"},{\"@type\":\"BreadcrumbList\",\"@id\":\"https:\/\/www.casaruralronda.es\/en\/rural-tourism-in-ronda\/#breadcrumb\",\"itemListElement\":[{\"@type\":\"ListItem\",\"position\":1,\"name\":\"Portada\",\"item\":\"https:\/\/www.casaruralronda.es\/en\/\"},{\"@type\":\"ListItem\",\"position\":2,\"name\":\"Rural Tourism in Ronda\"}]},{\"@type\":\"WebSite\",\"@id\":\"https:\/\/www.casaruralronda.es\/en\/#website\",\"url\":\"https:\/\/www.casaruralronda.es\/en\/\",\"name\":\"Casa Rural Ronda\",\"description\":\"Casa rural en Ronda (M&aacute;laga)\",\"publisher\":{\"@id\":\"https:\/\/www.casaruralronda.es\/en\/#organization\"},\"potentialAction\":[{\"@type\":\"SearchAction\",\"target\":{\"@type\":\"EntryPoint\",\"urlTemplate\":\"https:\/\/www.casaruralronda.es\/en\/?s={search_term_string}\"},\"query-input\":{\"@type\":\"PropertyValueSpecification\",\"valueRequired\":true,\"valueName\":\"search_term_string\"}}],\"inLanguage\":\"en-US\"},{\"@type\":\"Organization\",\"@id\":\"https:\/\/www.casaruralronda.es\/en\/#organization\",\"name\":\"Casa Rural Ronda\",\"url\":\"https:\/\/www.casaruralronda.es\/en\/\",\"logo\":{\"@type\":\"ImageObject\",\"inLanguage\":\"en-US\",\"@id\":\"https:\/\/www.casaruralronda.es\/en\/#\/schema\/logo\/image\/\",\"url\":\"https:\/\/www.casaruralronda.es\/wp-content\/uploads\/2019\/11\/casaruralronda.jpg\",\"contentUrl\":\"https:\/\/www.casaruralronda.es\/wp-content\/uploads\/2019\/11\/casaruralronda.jpg\",\"width\":560,\"height\":560,\"caption\":\"Casa Rural Ronda\"},\"image\":{\"@id\":\"https:\/\/www.casaruralronda.es\/en\/#\/schema\/logo\/image\/\"},\"sameAs\":[\"https:\/\/www.facebook.com\/casaruralronda\/\"]}]}<\/script>\n<!-- \/ Yoast SEO plugin. -->","yoast_head_json":{"title":"Rural Tourism in Ronda - Rural House Ronda your Rural accommodation","description":"Rural Tourism in Ronda, welcome to our rural accommodation 10 minutes from Ronda, services that you can find in our house.","robots":{"index":"index","follow":"follow","max-snippet":"max-snippet:-1","max-image-preview":"max-image-preview:large","max-video-preview":"max-video-preview:-1"},"canonical":"https:\/\/www.casaruralronda.es\/en\/rural-tourism-in-ronda\/","og_locale":"en_US","og_type":"article","og_title":"Rural Tourism in Ronda - Rural House Ronda your Rural accommodation","og_description":"Rural Tourism in Ronda, welcome to our rural accommodation 10 minutes from Ronda, services that you can find in our house.","og_url":"https:\/\/www.casaruralronda.es\/en\/rural-tourism-in-ronda\/","og_site_name":"Casa Rural Ronda","article_publisher":"https:\/\/www.facebook.com\/casaruralronda\/","article_modified_time":"2019-12-01T18:33:20+00:00","og_image":[{"width":600,"height":338,"url":"https:\/\/www.casaruralronda.es\/wp-content\/uploads\/2019\/11\/photo_20191005190312_6619533_0-e1574818301104.jpg","type":"image\/jpeg"}],"twitter_card":"summary_large_image","twitter_misc":{"Est. reading time":"1 minute"},"schema":{"@context":"https:\/\/schema.org","@graph":[{"@type":"WebPage","@id":"https:\/\/www.casaruralronda.es\/en\/rural-tourism-in-ronda\/","url":"https:\/\/www.casaruralronda.es\/en\/rural-tourism-in-ronda\/","name":"Rural Tourism in Ronda - Rural House Ronda your Rural accommodation","isPartOf":{"@id":"https:\/\/www.casaruralronda.es\/en\/#website"},"primaryImageOfPage":{"@id":"https:\/\/www.casaruralronda.es\/en\/rural-tourism-in-ronda\/#primaryimage"},"image":{"@id":"https:\/\/www.casaruralronda.es\/en\/rural-tourism-in-ronda\/#primaryimage"},"thumbnailUrl":"https:\/\/www.casaruralronda.es\/wp-content\/uploads\/2019\/11\/photo_20191005190312_6619533_0-e1574818301104.jpg","datePublished":"2019-12-01T01:32:02+00:00","dateModified":"2019-12-01T18:33:20+00:00","description":"Rural Tourism in Ronda, welcome to our rural accommodation 10 minutes from Ronda, services that you can find in our house.","breadcrumb":{"@id":"https:\/\/www.casaruralronda.es\/en\/rural-tourism-in-ronda\/#breadcrumb"},"inLanguage":"en-US","potentialAction":[{"@type":"ReadAction","target":["https:\/\/www.casaruralronda.es\/en\/rural-tourism-in-ronda\/"]}]},{"@type":"ImageObject","inLanguage":"en-US","@id":"https:\/\/www.casaruralronda.es\/en\/rural-tourism-in-ronda\/#primaryimage","url":"https:\/\/www.casaruralronda.es\/wp-content\/uploads\/2019\/11\/photo_20191005190312_6619533_0-e1574818301104.jpg","contentUrl":"https:\/\/www.casaruralronda.es\/wp-content\/uploads\/2019\/11\/photo_20191005190312_6619533_0-e1574818301104.jpg","width":600,"height":338,"caption":"Casa rural Ronda salon"},{"@type":"BreadcrumbList","@id":"https:\/\/www.casaruralronda.es\/en\/rural-tourism-in-ronda\/#breadcrumb","itemListElement":[{"@type":"ListItem","position":1,"name":"Portada","item":"https:\/\/www.casaruralronda.es\/en\/"},{"@type":"ListItem","position":2,"name":"Rural Tourism in Ronda"}]},{"@type":"WebSite","@id":"https:\/\/www.casaruralronda.es\/en\/#website","url":"https:\/\/www.casaruralronda.es\/en\/","name":"Casa Rural Ronda","description":"Casa rural en Ronda (M&aacute;laga)","publisher":{"@id":"https:\/\/www.casaruralronda.es\/en\/#organization"},"potentialAction":[{"@type":"SearchAction","target":{"@type":"EntryPoint","urlTemplate":"https:\/\/www.casaruralronda.es\/en\/?s={search_term_string}"},"query-input":{"@type":"PropertyValueSpecification","valueRequired":true,"valueName":"search_term_string"}}],"inLanguage":"en-US"},{"@type":"Organization","@id":"https:\/\/www.casaruralronda.es\/en\/#organization","name":"Casa Rural Ronda","url":"https:\/\/www.casaruralronda.es\/en\/","logo":{"@type":"ImageObject","inLanguage":"en-US","@id":"https:\/\/www.casaruralronda.es\/en\/#\/schema\/logo\/image\/","url":"https:\/\/www.casaruralronda.es\/wp-content\/uploads\/2019\/11\/casaruralronda.jpg","contentUrl":"https:\/\/www.casaruralronda.es\/wp-content\/uploads\/2019\/11\/casaruralronda.jpg","width":560,"height":560,"caption":"Casa Rural Ronda"},"image":{"@id":"https:\/\/www.casaruralronda.es\/en\/#\/schema\/logo\/image\/"},"sameAs":["https:\/\/www.facebook.com\/casaruralronda\/"]}]}},"_links":{"self":[{"href":"https:\/\/www.casaruralronda.es\/en\/wp-json\/wp\/v2\/pages\/255","targetHints":{"allow":["GET"]}}],"collection":[{"href":"https:\/\/www.casaruralronda.es\/en\/wp-json\/wp\/v2\/pages"}],"about":[{"href":"https:\/\/www.casaruralronda.es\/en\/wp-json\/wp\/v2\/types\/page"}],"author":[{"embeddable":true,"href":"https:\/\/www.casaruralronda.es\/en\/wp-json\/wp\/v2\/users\/1"}],"replies":[{"embeddable":true,"href":"https:\/\/www.casaruralronda.es\/en\/wp-json\/wp\/v2\/comments?post=255"}],"version-history":[{"count":5,"href":"https:\/\/www.casaruralronda.es\/en\/wp-json\/wp\/v2\/pages\/255\/revisions"}],"predecessor-version":[{"id":390,"href":"https:\/\/www.casaruralronda.es\/en\/wp-json\/wp\/v2\/pages\/255\/revisions\/390"}],"wp:featuredmedia":[{"embeddable":true,"href":"https:\/\/www.casaruralronda.es\/en\/wp-json\/wp\/v2\/media\/203"}],"wp:attachment":[{"href":"https:\/\/www.casaruralronda.es\/en\/wp-json\/wp\/v2\/media?parent=255"}],"curies":[{"name":"wp","href":"https:\/\/api.w.org\/{rel}","templated":true}]}}