{"id":269,"date":"2019-12-01T02:01:22","date_gmt":"2019-12-01T02:01:22","guid":{"rendered":"https:\/\/www.casaruralronda.es\/ronda-rural-house\/"},"modified":"2019-12-01T18:31:40","modified_gmt":"2019-12-01T18:31:40","slug":"ronda-rural-house","status":"publish","type":"page","link":"https:\/\/www.casaruralronda.es\/en\/","title":{"rendered":"Ronda Rural House"},"content":{"rendered":"\n<div class=\"wp-block-group alignwide\"><div class=\"wp-block-group__inner-container is-layout-flow wp-block-group-is-layout-flow\">\n<h2 class=\"has-text-align-center wp-block-heading\">Rural Tourism House in Ronda<\/h2>\n<\/div><\/div>\n\n\n\n<div class=\"wp-block-columns alignwide is-layout-flex wp-container-core-columns-is-layout-28f84493 wp-block-columns-is-layout-flex\">\n<div class=\"wp-block-column is-layout-flow wp-block-column-is-layout-flow\">\n<div class=\"wp-block-group\"><div class=\"wp-block-group__inner-container is-layout-flow wp-block-group-is-layout-flow\">\n<p>Welcome to our <strong><a href=\"https:\/\/www.casaruralronda.es\/en\/rural-tourism-in-ronda\/\">rural house<\/a><\/strong>, just 10 minutes from the center of the <strong>City of Ronda<\/strong>.<\/p>\n\n\n\n<p>We are also just minutes from the main natural monuments of the <strong>Serran\u00eda de Ronda<\/strong>.<\/p>\n<\/div><\/div>\n\n\n\n<div class=\"wp-block-group\"><div class=\"wp-block-group__inner-container is-layout-flow wp-block-group-is-layout-flow\">\n<blockquote class=\"wp-block-quote is-layout-flow wp-block-quote-is-layout-flow\"><p>Tel: <strong>630340688<\/strong><\/p><\/blockquote>\n<\/div><\/div>\n<\/div>\n\n\n\n<div class=\"wp-block-column is-layout-flow wp-block-column-is-layout-flow\">\n<div class=\"wp-block-group\"><div class=\"wp-block-group__inner-container is-layout-flow wp-block-group-is-layout-flow\">\n<p>Tendr\u00e1s la oportunidad de vivir la experiencia de dormir en un antiguo <strong>flour mill<\/strong> rrestored 50 meters from the Guadiaro river.<\/p>\n\n\n\n<p>You can <strong><a href=\"https:\/\/www.casaruralronda.es\/en\/rural-tourism-in-ronda\/photos\/\">see here some photographs<\/a><\/strong>, probably one of the quietest <strong>rural houses<\/strong> in the area.<\/p>\n<\/div><\/div>\n\n\n\n<div class=\"wp-block-group\"><div class=\"wp-block-group__inner-container is-layout-flow wp-block-group-is-layout-flow\">\n<blockquote class=\"wp-block-quote is-layout-flow wp-block-quote-is-layout-flow\"><p>You can <a href=\"https:\/\/www.casaruralronda.es\/en\/reservations\/\"><strong>book here<\/strong><\/a><\/p><\/blockquote>\n<\/div><\/div>\n<\/div>\n<\/div>\n\n\n\n<figure class=\"wp-block-image alignfull size-large is-style-circle-mask\"><img decoding=\"async\" src=\"https:\/\/www.casaruralronda.es\/wp-content\/uploads\/2019\/11\/casa-rural-ronda-exterior-1.jpg\" alt=\"Ronda Exterior Country House\" class=\"wp-image-102\"\/><figcaption>Ronda Exterior Country House<\/figcaption><\/figure>\n\n\n\n<div class=\"wp-block-group alignwide\"><div class=\"wp-block-group__inner-container is-layout-flow wp-block-group-is-layout-flow\">\n<h2 class=\"has-text-align-center wp-block-heading\">Your rural accommodation in Ronda<\/h2>\n\n\n\n<p class=\"has-text-align-center\"><strong>Rural House in Ronda<\/strong>, accommodation with 9 beds, 3 bedrooms, 3 bathrooms and 3500 m2 of land in the countryside surrounded by the Guadiaro river and the Nacimiento of the Cascajales<\/p>\n<\/div><\/div>\n\n\n\n<p class=\"has-text-align-center\"><strong>Above all Relax <\/strong><\/p>\n\n\n\n<figure class=\"wp-block-gallery alignwide columns-3 is-cropped wp-block-gallery-1 is-layout-flex wp-block-gallery-is-layout-flex\"><ul class=\"blocks-gallery-grid\"><li class=\"blocks-gallery-item\"><figure><img decoding=\"async\" src=\"https:\/\/www.casaruralronda.es\/wp-content\/uploads\/2019\/11\/photo_20191005190002_6619520_0.jpg\" alt=\"\" data-id=\"59\" data-link=\"https:\/\/www.casaruralronda.es\/el-nuevo-umoma-abre-sus-puertas-2\/photo_20191005190002_6619520_0\/\" class=\"wp-image-59\"\/><\/figure><\/li><li class=\"blocks-gallery-item\"><figure><img decoding=\"async\" src=\"https:\/\/www.casaruralronda.es\/wp-content\/uploads\/2019\/11\/habitacion-principal.jpg\" alt=\"\" data-id=\"61\" data-link=\"https:\/\/www.casaruralronda.es\/el-nuevo-umoma-abre-sus-puertas-2\/habitacion-principal\/\" class=\"wp-image-61\"\/><\/figure><\/li><li class=\"blocks-gallery-item\"><figure><img decoding=\"async\" src=\"https:\/\/www.casaruralronda.es\/wp-content\/uploads\/2019\/11\/habitacionplantabaja.jpg\" alt=\"\" data-id=\"62\" data-full-url=\"https:\/\/www.casaruralronda.es\/wp-content\/uploads\/2019\/11\/habitacionplantabaja.jpg\" data-link=\"https:\/\/www.casaruralronda.es\/el-nuevo-umoma-abre-sus-puertas-2\/habitacionplantabaja\/\" class=\"wp-image-62\"\/><\/figure><\/li><li class=\"blocks-gallery-item\"><figure><img decoding=\"async\" src=\"https:\/\/www.casaruralronda.es\/wp-content\/uploads\/2019\/11\/salon-cocina-molino-de-simon.jpg\" alt=\"\" data-id=\"60\" data-link=\"https:\/\/www.casaruralronda.es\/el-nuevo-umoma-abre-sus-puertas-2\/salon-cocina-molino-de-simon\/\" class=\"wp-image-60\"\/><\/figure><\/li><\/ul><\/figure>\n\n\n\n<p><\/p>\n\n\n\n<hr class=\"wp-block-separator\"\/>\n\n\n\n<h5 class=\"wp-block-heading\">Ronda Ciudad So\u00f1ada<\/h5>\n\n\n\n<p><strong>Ronda <\/strong>due to its geographical situation has an extensive history to tell. <\/p>\n\n\n\n<p>There are many people who have inhabited it over time.<\/p>\n\n\n\n<p>Each of them has left a sample of their culture and life.<\/p>\n\n\n\n<p>Already in Prehistory <strong>Ronda<\/strong> was inhabited.<\/p>\n\n\n\n<p>Proof of this are the remains found in the Genal and Guadiaro Valley, in the Pileta Cave (Benaoj\u00e1n) <\/p>\n\n\n\n<p>Where we see remains of cave paintings, human and useful remains dating from the Upper Paleolithic to the Neolithic.<\/p>\n\n\n\n<p><\/p>\n\n\n\n<p>The <strong>City of Ronda<\/strong> The city of Ronda as such had its origins with the Celts who called it Arunda towards the 6th century BC, mixed with the Iberian peoples and subjected other peoples of the time to occupy the entire territory of Ronde\u00f1o. <\/p>\n\n\n\n<p>That is why Ronda is history as we can see in its main monuments.<\/p>\n\n\n\n<p><\/p>\n\n\n\n<p><strong>Ronda<\/strong> is history, it is art, it is culture, it is wine, gastronomy, it is especially past and present, in our town you can find a <strong>great offer of restaurants and tapas bars <\/strong> in which to explore the creativity of our Chef and the products of the zone.<\/p>\n\n\n\n<p>All washed down with the great offer of <strong>Wines of Ronda<\/strong>.<\/p>\n\n\n\n<hr class=\"wp-block-separator\"\/>\n\n\n\n<h5 class=\"wp-block-heading\">Serrania de Ronda<\/h5>\n\n\n\n<p>The first that our guests value in addition to the tranquility is that the house is in the center of the <strong>Serran\u00eda de Ronda<\/strong> and above all that from it you can access in a few minutes to all the villages:<\/p>\n\n\n\n<p>Algatoc\u00edn, Alpandeire, Arriate, Atajate, Benadalid, Benalaur\u00eda , Benaoj\u00e1n, Benarrab\u00e1, Cortes de la Frontera, Cartajima, Faraj\u00e1n, Gauc\u00edn, Genalguacil, Igualeja, Jimera de Libar, Jubrique, J\u00fazcar, Montejaque, Montecorto, Parauta, Pujerra, Ronda, Serrato.<\/p>\n\n\n\n<p>We are also an hour&#8217;s drive from Marbella, Puerto Ban\u00fas, with the train station very close that will allow you to connect with:<\/p>\n\n\n\n<p>San Roque, Gibraltar, Algeciras, M\u00e1laga, Granada, Madrid can therefore have geographical mobility<\/p>\n\n\n\n<p>In addition we are also very close to the most important Natural Monuments of the <strong>Serran\u00eda de Ronda<\/strong>: Cave of the Cat, Swamp of Montejaque Cave of the Pileta, Swamp of Zahara.<\/p>\n\n\n\n<p>Historical monuments such as the Tajo de Ronda (Puente Nuevo), Alameda del Tajo, Plaza de Toros, Palacio de Mondrag\u00f3n, Walls and Islamic Doors of Ronda, Arab Baths , Casa del Rey Moro, Archaeological Site of Acinipo<\/p>\n\n\n\n<p>And a long etc that will make your visit unforgettable. <\/p>\n\n\n\n<p>The conclusion is undoubtedly that you will be part of the history of Ronda when walking through its streets. <\/p>\n\n\n\n<p><\/p>\n\n\n\n<p>Find out more about Ronda in <a href=\"https:\/\/es.wikipedia.org\/wiki\/Ronda\">Wikipedia<\/a> <\/p>\n","protected":false},"excerpt":{"rendered":"<p>Rural Tourism House in Ronda Welcome to our rural house, just 10 minutes from the center of the City of Ronda. We are also just minutes from the main natural monuments of the Serran\u00eda de Ronda. Tel: 630340688 Tendr\u00e1s la oportunidad de vivir la experiencia de dormir en un antiguo flour mill rrestored 50 meters [&hellip;]<\/p>\n","protected":false},"author":1,"featured_media":152,"parent":0,"menu_order":0,"comment_status":"closed","ping_status":"closed","template":"templates\/template-cover.php","meta":{"footnotes":""},"class_list":["post-269","page","type-page","status-publish","has-post-thumbnail","hentry"],"blocksy_meta":[],"yoast_head":"<!-- This site is optimized with the Yoast SEO plugin v26.6 - https:\/\/yoast.com\/wordpress\/plugins\/seo\/ -->\n<title>Rural House Ronda - Your Rural Tourism Accommodation in Ronda<\/title>\n<meta name=\"description\" content=\"Rural House Ronda welcome to your rural accommodation in the city of Ronda, M\u00e1laga, just 10 minutes from the center of the city of Ronda in the middle of nature\" \/>\n<meta name=\"robots\" content=\"index, follow, max-snippet:-1, max-image-preview:large, max-video-preview:-1\" \/>\n<link rel=\"canonical\" href=\"https:\/\/www.casaruralronda.es\/en\/\" \/>\n<meta property=\"og:locale\" content=\"en_US\" \/>\n<meta property=\"og:type\" content=\"article\" \/>\n<meta property=\"og:title\" content=\"Rural House Ronda - Your Rural Tourism Accommodation in Ronda\" \/>\n<meta property=\"og:description\" content=\"Rural House Ronda welcome to your rural accommodation in the city of Ronda, M\u00e1laga, just 10 minutes from the center of the city of Ronda in the middle of nature\" \/>\n<meta property=\"og:url\" content=\"https:\/\/www.casaruralronda.es\/en\/\" \/>\n<meta property=\"og:site_name\" content=\"Casa Rural Ronda\" \/>\n<meta property=\"article:publisher\" content=\"https:\/\/www.facebook.com\/casaruralronda\/\" \/>\n<meta property=\"article:modified_time\" content=\"2019-12-01T18:31:40+00:00\" \/>\n<meta property=\"og:image\" content=\"https:\/\/www.casaruralronda.es\/wp-content\/uploads\/2019\/11\/casa-rura-ronda-e1574818509182.jpg\" \/>\n\t<meta property=\"og:image:width\" content=\"600\" \/>\n\t<meta property=\"og:image:height\" content=\"428\" \/>\n\t<meta property=\"og:image:type\" content=\"image\/jpeg\" \/>\n<meta name=\"twitter:card\" content=\"summary_large_image\" \/>\n<meta name=\"twitter:label1\" content=\"Est. reading time\" \/>\n\t<meta name=\"twitter:data1\" content=\"3 minutes\" \/>\n<script type=\"application\/ld+json\" class=\"yoast-schema-graph\">{\"@context\":\"https:\/\/schema.org\",\"@graph\":[{\"@type\":\"WebPage\",\"@id\":\"https:\/\/www.casaruralronda.es\/en\/\",\"url\":\"https:\/\/www.casaruralronda.es\/en\/\",\"name\":\"Rural House Ronda - Your Rural Tourism Accommodation in Ronda\",\"isPartOf\":{\"@id\":\"https:\/\/www.casaruralronda.es\/en\/#website\"},\"primaryImageOfPage\":{\"@id\":\"https:\/\/www.casaruralronda.es\/en\/#primaryimage\"},\"image\":{\"@id\":\"https:\/\/www.casaruralronda.es\/en\/#primaryimage\"},\"thumbnailUrl\":\"https:\/\/www.casaruralronda.es\/wp-content\/uploads\/2019\/11\/casa-rura-ronda-e1574818509182.jpg\",\"datePublished\":\"2019-12-01T02:01:22+00:00\",\"dateModified\":\"2019-12-01T18:31:40+00:00\",\"description\":\"Rural House Ronda welcome to your rural accommodation in the city of Ronda, M\u00e1laga, just 10 minutes from the center of the city of Ronda in the middle of nature\",\"breadcrumb\":{\"@id\":\"https:\/\/www.casaruralronda.es\/en\/#breadcrumb\"},\"inLanguage\":\"en-US\",\"potentialAction\":[{\"@type\":\"ReadAction\",\"target\":[\"https:\/\/www.casaruralronda.es\/en\/\"]}]},{\"@type\":\"ImageObject\",\"inLanguage\":\"en-US\",\"@id\":\"https:\/\/www.casaruralronda.es\/en\/#primaryimage\",\"url\":\"https:\/\/www.casaruralronda.es\/wp-content\/uploads\/2019\/11\/casa-rura-ronda-e1574818509182.jpg\",\"contentUrl\":\"https:\/\/www.casaruralronda.es\/wp-content\/uploads\/2019\/11\/casa-rura-ronda-e1574818509182.jpg\",\"width\":600,\"height\":428,\"caption\":\"Casa Rural Ronda\"},{\"@type\":\"BreadcrumbList\",\"@id\":\"https:\/\/www.casaruralronda.es\/en\/#breadcrumb\",\"itemListElement\":[{\"@type\":\"ListItem\",\"position\":1,\"name\":\"Portada\",\"item\":\"https:\/\/www.casaruralronda.es\/en\/\"},{\"@type\":\"ListItem\",\"position\":2,\"name\":\"Ronda Rural House\"}]},{\"@type\":\"WebSite\",\"@id\":\"https:\/\/www.casaruralronda.es\/en\/#website\",\"url\":\"https:\/\/www.casaruralronda.es\/en\/\",\"name\":\"Casa Rural Ronda\",\"description\":\"Casa rural en Ronda (M&aacute;laga)\",\"publisher\":{\"@id\":\"https:\/\/www.casaruralronda.es\/en\/#organization\"},\"potentialAction\":[{\"@type\":\"SearchAction\",\"target\":{\"@type\":\"EntryPoint\",\"urlTemplate\":\"https:\/\/www.casaruralronda.es\/en\/?s={search_term_string}\"},\"query-input\":{\"@type\":\"PropertyValueSpecification\",\"valueRequired\":true,\"valueName\":\"search_term_string\"}}],\"inLanguage\":\"en-US\"},{\"@type\":\"Organization\",\"@id\":\"https:\/\/www.casaruralronda.es\/en\/#organization\",\"name\":\"Casa Rural Ronda\",\"url\":\"https:\/\/www.casaruralronda.es\/en\/\",\"logo\":{\"@type\":\"ImageObject\",\"inLanguage\":\"en-US\",\"@id\":\"https:\/\/www.casaruralronda.es\/en\/#\/schema\/logo\/image\/\",\"url\":\"https:\/\/www.casaruralronda.es\/wp-content\/uploads\/2019\/11\/casaruralronda.jpg\",\"contentUrl\":\"https:\/\/www.casaruralronda.es\/wp-content\/uploads\/2019\/11\/casaruralronda.jpg\",\"width\":560,\"height\":560,\"caption\":\"Casa Rural Ronda\"},\"image\":{\"@id\":\"https:\/\/www.casaruralronda.es\/en\/#\/schema\/logo\/image\/\"},\"sameAs\":[\"https:\/\/www.facebook.com\/casaruralronda\/\"]}]}<\/script>\n<!-- \/ Yoast SEO plugin. -->","yoast_head_json":{"title":"Rural House Ronda - Your Rural Tourism Accommodation in Ronda","description":"Rural House Ronda welcome to your rural accommodation in the city of Ronda, M\u00e1laga, just 10 minutes from the center of the city of Ronda in the middle of nature","robots":{"index":"index","follow":"follow","max-snippet":"max-snippet:-1","max-image-preview":"max-image-preview:large","max-video-preview":"max-video-preview:-1"},"canonical":"https:\/\/www.casaruralronda.es\/en\/","og_locale":"en_US","og_type":"article","og_title":"Rural House Ronda - Your Rural Tourism Accommodation in Ronda","og_description":"Rural House Ronda welcome to your rural accommodation in the city of Ronda, M\u00e1laga, just 10 minutes from the center of the city of Ronda in the middle of nature","og_url":"https:\/\/www.casaruralronda.es\/en\/","og_site_name":"Casa Rural Ronda","article_publisher":"https:\/\/www.facebook.com\/casaruralronda\/","article_modified_time":"2019-12-01T18:31:40+00:00","og_image":[{"width":600,"height":428,"url":"https:\/\/www.casaruralronda.es\/wp-content\/uploads\/2019\/11\/casa-rura-ronda-e1574818509182.jpg","type":"image\/jpeg"}],"twitter_card":"summary_large_image","twitter_misc":{"Est. reading time":"3 minutes"},"schema":{"@context":"https:\/\/schema.org","@graph":[{"@type":"WebPage","@id":"https:\/\/www.casaruralronda.es\/en\/","url":"https:\/\/www.casaruralronda.es\/en\/","name":"Rural House Ronda - Your Rural Tourism Accommodation in Ronda","isPartOf":{"@id":"https:\/\/www.casaruralronda.es\/en\/#website"},"primaryImageOfPage":{"@id":"https:\/\/www.casaruralronda.es\/en\/#primaryimage"},"image":{"@id":"https:\/\/www.casaruralronda.es\/en\/#primaryimage"},"thumbnailUrl":"https:\/\/www.casaruralronda.es\/wp-content\/uploads\/2019\/11\/casa-rura-ronda-e1574818509182.jpg","datePublished":"2019-12-01T02:01:22+00:00","dateModified":"2019-12-01T18:31:40+00:00","description":"Rural House Ronda welcome to your rural accommodation in the city of Ronda, M\u00e1laga, just 10 minutes from the center of the city of Ronda in the middle of nature","breadcrumb":{"@id":"https:\/\/www.casaruralronda.es\/en\/#breadcrumb"},"inLanguage":"en-US","potentialAction":[{"@type":"ReadAction","target":["https:\/\/www.casaruralronda.es\/en\/"]}]},{"@type":"ImageObject","inLanguage":"en-US","@id":"https:\/\/www.casaruralronda.es\/en\/#primaryimage","url":"https:\/\/www.casaruralronda.es\/wp-content\/uploads\/2019\/11\/casa-rura-ronda-e1574818509182.jpg","contentUrl":"https:\/\/www.casaruralronda.es\/wp-content\/uploads\/2019\/11\/casa-rura-ronda-e1574818509182.jpg","width":600,"height":428,"caption":"Casa Rural Ronda"},{"@type":"BreadcrumbList","@id":"https:\/\/www.casaruralronda.es\/en\/#breadcrumb","itemListElement":[{"@type":"ListItem","position":1,"name":"Portada","item":"https:\/\/www.casaruralronda.es\/en\/"},{"@type":"ListItem","position":2,"name":"Ronda Rural House"}]},{"@type":"WebSite","@id":"https:\/\/www.casaruralronda.es\/en\/#website","url":"https:\/\/www.casaruralronda.es\/en\/","name":"Casa Rural Ronda","description":"Casa rural en Ronda (M&aacute;laga)","publisher":{"@id":"https:\/\/www.casaruralronda.es\/en\/#organization"},"potentialAction":[{"@type":"SearchAction","target":{"@type":"EntryPoint","urlTemplate":"https:\/\/www.casaruralronda.es\/en\/?s={search_term_string}"},"query-input":{"@type":"PropertyValueSpecification","valueRequired":true,"valueName":"search_term_string"}}],"inLanguage":"en-US"},{"@type":"Organization","@id":"https:\/\/www.casaruralronda.es\/en\/#organization","name":"Casa Rural Ronda","url":"https:\/\/www.casaruralronda.es\/en\/","logo":{"@type":"ImageObject","inLanguage":"en-US","@id":"https:\/\/www.casaruralronda.es\/en\/#\/schema\/logo\/image\/","url":"https:\/\/www.casaruralronda.es\/wp-content\/uploads\/2019\/11\/casaruralronda.jpg","contentUrl":"https:\/\/www.casaruralronda.es\/wp-content\/uploads\/2019\/11\/casaruralronda.jpg","width":560,"height":560,"caption":"Casa Rural Ronda"},"image":{"@id":"https:\/\/www.casaruralronda.es\/en\/#\/schema\/logo\/image\/"},"sameAs":["https:\/\/www.facebook.com\/casaruralronda\/"]}]}},"_links":{"self":[{"href":"https:\/\/www.casaruralronda.es\/en\/wp-json\/wp\/v2\/pages\/269","targetHints":{"allow":["GET"]}}],"collection":[{"href":"https:\/\/www.casaruralronda.es\/en\/wp-json\/wp\/v2\/pages"}],"about":[{"href":"https:\/\/www.casaruralronda.es\/en\/wp-json\/wp\/v2\/types\/page"}],"author":[{"embeddable":true,"href":"https:\/\/www.casaruralronda.es\/en\/wp-json\/wp\/v2\/users\/1"}],"replies":[{"embeddable":true,"href":"https:\/\/www.casaruralronda.es\/en\/wp-json\/wp\/v2\/comments?post=269"}],"version-history":[{"count":10,"href":"https:\/\/www.casaruralronda.es\/en\/wp-json\/wp\/v2\/pages\/269\/revisions"}],"predecessor-version":[{"id":389,"href":"https:\/\/www.casaruralronda.es\/en\/wp-json\/wp\/v2\/pages\/269\/revisions\/389"}],"wp:featuredmedia":[{"embeddable":true,"href":"https:\/\/www.casaruralronda.es\/en\/wp-json\/wp\/v2\/media\/152"}],"wp:attachment":[{"href":"https:\/\/www.casaruralronda.es\/en\/wp-json\/wp\/v2\/media?parent=269"}],"curies":[{"name":"wp","href":"https:\/\/api.w.org\/{rel}","templated":true}]}}