{"id":305,"date":"2019-12-01T03:10:48","date_gmt":"2019-12-01T03:10:48","guid":{"rendered":"https:\/\/www.casaruralronda.es\/tourisme-rural-ronda\/"},"modified":"2019-12-01T18:24:27","modified_gmt":"2019-12-01T18:24:27","slug":"tourisme-rural-ronda","status":"publish","type":"page","link":"https:\/\/www.casaruralronda.es\/fr\/tourisme-rural-ronda\/","title":{"rendered":"Tourisme rural \u00e0 Ronda"},"content":{"rendered":"\n<p class=\"has-text-align-center\">Tourisme rural \u00e0 Ronda une exp\u00e9rience inoubliable.<\/p>\n\n\n\n<figure class=\"wp-block-image size-large is-style-circle-mask\"><img decoding=\"async\" src=\"https:\/\/www.casaruralronda.es\/wp-content\/uploads\/2019\/11\/habitacion-principal-1.jpg\" alt=\"Chambre Casa Rural Ronda\" class=\"wp-image-90\"\/><figcaption>Chambre Casa Rural Ronda<\/figcaption><\/figure>\n\n\n\n<p class=\"has-text-align-center\">Notre <strong>maison <\/strong> est un ancien moulin \u00e0 farine restaur\u00e9 qui dispose de tout le confort. <\/p>\n\n\n\n<p class=\"has-text-align-center\">Il dispose de 3 chambres et 3 salles de bains avec un total de 7 places pour adultes et deux enfants, plus 3500 m2 de terrain \u00e0 c\u00f4t\u00e9 de la <a href=\"https:\/\/es.wikipedia.org\/wiki\/R%C3%ADo_Guadiaro\">rivi\u00e8re Guadiaro<\/a>.<\/p>\n\n\n\n<p>Vous pouvez voir notre <a href=\"https:\/\/www.casaruralronda.es\/fr\/tourisme-rural-ronda\/photographies-maison-rural-ronda\/\">galerie de photos<\/a><\/p>\n\n\n\n<hr class=\"wp-block-separator\"\/>\n\n\n\n<h3 class=\"has-text-align-center wp-block-heading\">Services que vous trouverez dans notre maison de tourisme rural<\/h3>\n\n\n\n<div class=\"wp-block-group\"><div class=\"wp-block-group__inner-container is-layout-flow wp-block-group-is-layout-flow\">\n<div class=\"wp-block-group alignfull\"><div class=\"wp-block-group__inner-container is-layout-flow wp-block-group-is-layout-flow\">\n<p class=\"has-text-align-center\">Parking<\/p>\n\n\n\n<p class=\"has-text-align-center\">Wifi<\/p>\n\n\n\n<p class=\"has-text-align-center\">T\u00e9l\u00e9vision par satellite<\/p>\n\n\n\n<p class=\"has-text-align-center\">Air conditionn\u00e9<\/p>\n\n\n\n<p class=\"has-text-align-center\">Chemin\u00e9e<\/p>\n\n\n\n<p class=\"has-text-align-center\">Chauffage<\/p>\n\n\n\n<p class=\"has-text-align-center\">Alarme incendie<\/p>\n\n\n\n<p class=\"has-text-align-center\">Alarme de gaz<\/p>\n\n\n\n<p class=\"has-text-align-center\">Extincteurs \u00e0 CO2<\/p>\n\n\n\n<p class=\"has-text-align-center\">Lave vaisselle<\/p>\n\n\n\n<p class=\"has-text-align-center\">Machine \u00e0 laver<\/p>\n\n\n\n<p class=\"has-text-align-center\">Au four<\/p>\n\n\n\n<p class=\"has-text-align-center\">Micro-ondes<\/p>\n\n\n\n<p class=\"has-text-align-center\">Frigo<\/p>\n\n\n\n<p class=\"has-text-align-center\">S\u00e8che-cheveux<\/p>\n<\/div><\/div>\n<\/div><\/div>\n\n\n\n<hr class=\"wp-block-separator\"\/>\n\n\n\n<p>Notre h\u00e9bergement de <strong>tourisme rurall<\/strong> Il est \u00e0 seulement 10 minutes du centre de la <strong>Ville de Ronda<\/strong>, nous sommes tr\u00e8s proches de toutes les villes de la Serran\u00eda de Ronda: Algatoc\u00edn, Alpandeire, Arriate, Atajate, Benadalid, Benalaur\u00eda , Benaoj\u00e1n, Benarrab\u00e1, Cortes de la Frontera, Cartajima, Faraj\u00e1n, Gauc\u00edn, Genalguacil, Igualeja, Jimera de Libar, Jubrique, J\u00fazcar, Montejaque, Montecorto, Parauta, Pujerra, Ronda, Serrato.<\/p>\n\n\n\n<p>Nous sommes \u00e0 une heure de route de Marbella, Puerto Ban\u00fas, et nous avons <a href=\"https:\/\/www.instagram.com\/estaciondebenaojan\/\"><strong>la gare de Benaoj\u00e1n-Montejaque<\/strong><\/a> \u00e0 300 m\u00e8tres qui vous permettra de vous connecter avec:<\/p>\n\n\n\n<p>San Roque, Gibraltar, Algeciras, M\u00e1laga, Granada, Madrid, Barcelona, Zaragoza etc, Cela vous permet d&rsquo;avoir une mobilit\u00e9 g\u00e9ographique depuis notre h\u00e9bergement<\/p>\n\n\n\n<p>Nous sommes \u00e9galement tr\u00e8s proches des plus importants monuments naturels de la <strong>Serran\u00eda de Ronda<\/strong>: rotte du chat, marais de Montejaque, grotte de la Pileta, marais de Zahara.<\/p>\n","protected":false},"excerpt":{"rendered":"<p>Tourisme rural \u00e0 Ronda une exp\u00e9rience inoubliable. Notre maison est un ancien moulin \u00e0 farine restaur\u00e9 qui dispose de tout le confort. Il dispose de 3 chambres et 3 salles de bains avec un total de 7 places pour adultes et deux enfants, plus 3500 m2 de terrain \u00e0 c\u00f4t\u00e9 de la rivi\u00e8re Guadiaro. Vous [&hellip;]<\/p>\n","protected":false},"author":1,"featured_media":204,"parent":0,"menu_order":0,"comment_status":"closed","ping_status":"closed","template":"","meta":{"footnotes":""},"class_list":["post-305","page","type-page","status-publish","has-post-thumbnail","hentry"],"blocksy_meta":[],"yoast_head":"<!-- This site is optimized with the Yoast SEO plugin v26.6 - https:\/\/yoast.com\/wordpress\/plugins\/seo\/ -->\n<title>Tourisme rural \u00e0 Ronda - Maison rurale Ronda votre h\u00e9bergement rural<\/title>\n<meta name=\"description\" content=\"Tourisme rural \u00e0 Ronda, bienvenue dans notre h\u00e9bergement rural \u00e0 10 minutes de Ronda, services que vous pouvez trouver dans notre maison.\" \/>\n<meta name=\"robots\" content=\"index, follow, max-snippet:-1, max-image-preview:large, max-video-preview:-1\" \/>\n<link rel=\"canonical\" href=\"https:\/\/www.casaruralronda.es\/fr\/tourisme-rural-ronda\/\" \/>\n<meta property=\"og:locale\" content=\"fr_FR\" \/>\n<meta property=\"og:type\" content=\"article\" \/>\n<meta property=\"og:title\" content=\"Tourisme rural \u00e0 Ronda - Maison rurale Ronda votre h\u00e9bergement rural\" \/>\n<meta property=\"og:description\" content=\"Tourisme rural \u00e0 Ronda, bienvenue dans notre h\u00e9bergement rural \u00e0 10 minutes de Ronda, services que vous pouvez trouver dans notre maison.\" \/>\n<meta property=\"og:url\" content=\"https:\/\/www.casaruralronda.es\/fr\/tourisme-rural-ronda\/\" \/>\n<meta property=\"og:site_name\" content=\"Casa Rural Ronda\" \/>\n<meta property=\"article:publisher\" content=\"https:\/\/www.facebook.com\/casaruralronda\/\" \/>\n<meta property=\"article:modified_time\" content=\"2019-12-01T18:24:27+00:00\" \/>\n<meta property=\"og:image\" content=\"https:\/\/www.casaruralronda.es\/wp-content\/uploads\/2019\/11\/photo_20191005190312_6619533_0-e1574818301104.jpg\" \/>\n\t<meta property=\"og:image:width\" content=\"600\" \/>\n\t<meta property=\"og:image:height\" content=\"338\" \/>\n\t<meta property=\"og:image:type\" content=\"image\/jpeg\" \/>\n<meta name=\"twitter:card\" content=\"summary_large_image\" \/>\n<meta name=\"twitter:label1\" content=\"Dur\u00e9e de lecture estim\u00e9e\" \/>\n\t<meta name=\"twitter:data1\" content=\"1 minute\" \/>\n<script type=\"application\/ld+json\" class=\"yoast-schema-graph\">{\"@context\":\"https:\/\/schema.org\",\"@graph\":[{\"@type\":\"WebPage\",\"@id\":\"https:\/\/www.casaruralronda.es\/fr\/tourisme-rural-ronda\/\",\"url\":\"https:\/\/www.casaruralronda.es\/fr\/tourisme-rural-ronda\/\",\"name\":\"Tourisme rural \u00e0 Ronda - Maison rurale Ronda votre h\u00e9bergement rural\",\"isPartOf\":{\"@id\":\"https:\/\/www.casaruralronda.es\/fr\/#website\"},\"primaryImageOfPage\":{\"@id\":\"https:\/\/www.casaruralronda.es\/fr\/tourisme-rural-ronda\/#primaryimage\"},\"image\":{\"@id\":\"https:\/\/www.casaruralronda.es\/fr\/tourisme-rural-ronda\/#primaryimage\"},\"thumbnailUrl\":\"https:\/\/www.casaruralronda.es\/wp-content\/uploads\/2019\/11\/photo_20191005190312_6619533_0-e1574818301104.jpg\",\"datePublished\":\"2019-12-01T03:10:48+00:00\",\"dateModified\":\"2019-12-01T18:24:27+00:00\",\"description\":\"Tourisme rural \u00e0 Ronda, bienvenue dans notre h\u00e9bergement rural \u00e0 10 minutes de Ronda, services que vous pouvez trouver dans notre maison.\",\"breadcrumb\":{\"@id\":\"https:\/\/www.casaruralronda.es\/fr\/tourisme-rural-ronda\/#breadcrumb\"},\"inLanguage\":\"fr-FR\",\"potentialAction\":[{\"@type\":\"ReadAction\",\"target\":[\"https:\/\/www.casaruralronda.es\/fr\/tourisme-rural-ronda\/\"]}]},{\"@type\":\"ImageObject\",\"inLanguage\":\"fr-FR\",\"@id\":\"https:\/\/www.casaruralronda.es\/fr\/tourisme-rural-ronda\/#primaryimage\",\"url\":\"https:\/\/www.casaruralronda.es\/wp-content\/uploads\/2019\/11\/photo_20191005190312_6619533_0-e1574818301104.jpg\",\"contentUrl\":\"https:\/\/www.casaruralronda.es\/wp-content\/uploads\/2019\/11\/photo_20191005190312_6619533_0-e1574818301104.jpg\",\"width\":600,\"height\":338,\"caption\":\"Casa rural Ronda salon\"},{\"@type\":\"BreadcrumbList\",\"@id\":\"https:\/\/www.casaruralronda.es\/fr\/tourisme-rural-ronda\/#breadcrumb\",\"itemListElement\":[{\"@type\":\"ListItem\",\"position\":1,\"name\":\"Portada\",\"item\":\"https:\/\/www.casaruralronda.es\/fr\/\"},{\"@type\":\"ListItem\",\"position\":2,\"name\":\"Tourisme rural \u00e0 Ronda\"}]},{\"@type\":\"WebSite\",\"@id\":\"https:\/\/www.casaruralronda.es\/fr\/#website\",\"url\":\"https:\/\/www.casaruralronda.es\/fr\/\",\"name\":\"Casa Rural Ronda\",\"description\":\"Casa rural en Ronda (M&aacute;laga)\",\"publisher\":{\"@id\":\"https:\/\/www.casaruralronda.es\/fr\/#organization\"},\"potentialAction\":[{\"@type\":\"SearchAction\",\"target\":{\"@type\":\"EntryPoint\",\"urlTemplate\":\"https:\/\/www.casaruralronda.es\/fr\/?s={search_term_string}\"},\"query-input\":{\"@type\":\"PropertyValueSpecification\",\"valueRequired\":true,\"valueName\":\"search_term_string\"}}],\"inLanguage\":\"fr-FR\"},{\"@type\":\"Organization\",\"@id\":\"https:\/\/www.casaruralronda.es\/fr\/#organization\",\"name\":\"Casa Rural Ronda\",\"url\":\"https:\/\/www.casaruralronda.es\/fr\/\",\"logo\":{\"@type\":\"ImageObject\",\"inLanguage\":\"fr-FR\",\"@id\":\"https:\/\/www.casaruralronda.es\/fr\/#\/schema\/logo\/image\/\",\"url\":\"https:\/\/www.casaruralronda.es\/wp-content\/uploads\/2019\/11\/casaruralronda.jpg\",\"contentUrl\":\"https:\/\/www.casaruralronda.es\/wp-content\/uploads\/2019\/11\/casaruralronda.jpg\",\"width\":560,\"height\":560,\"caption\":\"Casa Rural Ronda\"},\"image\":{\"@id\":\"https:\/\/www.casaruralronda.es\/fr\/#\/schema\/logo\/image\/\"},\"sameAs\":[\"https:\/\/www.facebook.com\/casaruralronda\/\"]}]}<\/script>\n<!-- \/ Yoast SEO plugin. -->","yoast_head_json":{"title":"Tourisme rural \u00e0 Ronda - Maison rurale Ronda votre h\u00e9bergement rural","description":"Tourisme rural \u00e0 Ronda, bienvenue dans notre h\u00e9bergement rural \u00e0 10 minutes de Ronda, services que vous pouvez trouver dans notre maison.","robots":{"index":"index","follow":"follow","max-snippet":"max-snippet:-1","max-image-preview":"max-image-preview:large","max-video-preview":"max-video-preview:-1"},"canonical":"https:\/\/www.casaruralronda.es\/fr\/tourisme-rural-ronda\/","og_locale":"fr_FR","og_type":"article","og_title":"Tourisme rural \u00e0 Ronda - Maison rurale Ronda votre h\u00e9bergement rural","og_description":"Tourisme rural \u00e0 Ronda, bienvenue dans notre h\u00e9bergement rural \u00e0 10 minutes de Ronda, services que vous pouvez trouver dans notre maison.","og_url":"https:\/\/www.casaruralronda.es\/fr\/tourisme-rural-ronda\/","og_site_name":"Casa Rural Ronda","article_publisher":"https:\/\/www.facebook.com\/casaruralronda\/","article_modified_time":"2019-12-01T18:24:27+00:00","og_image":[{"width":600,"height":338,"url":"https:\/\/www.casaruralronda.es\/wp-content\/uploads\/2019\/11\/photo_20191005190312_6619533_0-e1574818301104.jpg","type":"image\/jpeg"}],"twitter_card":"summary_large_image","twitter_misc":{"Dur\u00e9e de lecture estim\u00e9e":"1 minute"},"schema":{"@context":"https:\/\/schema.org","@graph":[{"@type":"WebPage","@id":"https:\/\/www.casaruralronda.es\/fr\/tourisme-rural-ronda\/","url":"https:\/\/www.casaruralronda.es\/fr\/tourisme-rural-ronda\/","name":"Tourisme rural \u00e0 Ronda - Maison rurale Ronda votre h\u00e9bergement rural","isPartOf":{"@id":"https:\/\/www.casaruralronda.es\/fr\/#website"},"primaryImageOfPage":{"@id":"https:\/\/www.casaruralronda.es\/fr\/tourisme-rural-ronda\/#primaryimage"},"image":{"@id":"https:\/\/www.casaruralronda.es\/fr\/tourisme-rural-ronda\/#primaryimage"},"thumbnailUrl":"https:\/\/www.casaruralronda.es\/wp-content\/uploads\/2019\/11\/photo_20191005190312_6619533_0-e1574818301104.jpg","datePublished":"2019-12-01T03:10:48+00:00","dateModified":"2019-12-01T18:24:27+00:00","description":"Tourisme rural \u00e0 Ronda, bienvenue dans notre h\u00e9bergement rural \u00e0 10 minutes de Ronda, services que vous pouvez trouver dans notre maison.","breadcrumb":{"@id":"https:\/\/www.casaruralronda.es\/fr\/tourisme-rural-ronda\/#breadcrumb"},"inLanguage":"fr-FR","potentialAction":[{"@type":"ReadAction","target":["https:\/\/www.casaruralronda.es\/fr\/tourisme-rural-ronda\/"]}]},{"@type":"ImageObject","inLanguage":"fr-FR","@id":"https:\/\/www.casaruralronda.es\/fr\/tourisme-rural-ronda\/#primaryimage","url":"https:\/\/www.casaruralronda.es\/wp-content\/uploads\/2019\/11\/photo_20191005190312_6619533_0-e1574818301104.jpg","contentUrl":"https:\/\/www.casaruralronda.es\/wp-content\/uploads\/2019\/11\/photo_20191005190312_6619533_0-e1574818301104.jpg","width":600,"height":338,"caption":"Casa rural Ronda salon"},{"@type":"BreadcrumbList","@id":"https:\/\/www.casaruralronda.es\/fr\/tourisme-rural-ronda\/#breadcrumb","itemListElement":[{"@type":"ListItem","position":1,"name":"Portada","item":"https:\/\/www.casaruralronda.es\/fr\/"},{"@type":"ListItem","position":2,"name":"Tourisme rural \u00e0 Ronda"}]},{"@type":"WebSite","@id":"https:\/\/www.casaruralronda.es\/fr\/#website","url":"https:\/\/www.casaruralronda.es\/fr\/","name":"Casa Rural Ronda","description":"Casa rural en Ronda (M&aacute;laga)","publisher":{"@id":"https:\/\/www.casaruralronda.es\/fr\/#organization"},"potentialAction":[{"@type":"SearchAction","target":{"@type":"EntryPoint","urlTemplate":"https:\/\/www.casaruralronda.es\/fr\/?s={search_term_string}"},"query-input":{"@type":"PropertyValueSpecification","valueRequired":true,"valueName":"search_term_string"}}],"inLanguage":"fr-FR"},{"@type":"Organization","@id":"https:\/\/www.casaruralronda.es\/fr\/#organization","name":"Casa Rural Ronda","url":"https:\/\/www.casaruralronda.es\/fr\/","logo":{"@type":"ImageObject","inLanguage":"fr-FR","@id":"https:\/\/www.casaruralronda.es\/fr\/#\/schema\/logo\/image\/","url":"https:\/\/www.casaruralronda.es\/wp-content\/uploads\/2019\/11\/casaruralronda.jpg","contentUrl":"https:\/\/www.casaruralronda.es\/wp-content\/uploads\/2019\/11\/casaruralronda.jpg","width":560,"height":560,"caption":"Casa Rural Ronda"},"image":{"@id":"https:\/\/www.casaruralronda.es\/fr\/#\/schema\/logo\/image\/"},"sameAs":["https:\/\/www.facebook.com\/casaruralronda\/"]}]}},"_links":{"self":[{"href":"https:\/\/www.casaruralronda.es\/fr\/wp-json\/wp\/v2\/pages\/305","targetHints":{"allow":["GET"]}}],"collection":[{"href":"https:\/\/www.casaruralronda.es\/fr\/wp-json\/wp\/v2\/pages"}],"about":[{"href":"https:\/\/www.casaruralronda.es\/fr\/wp-json\/wp\/v2\/types\/page"}],"author":[{"embeddable":true,"href":"https:\/\/www.casaruralronda.es\/fr\/wp-json\/wp\/v2\/users\/1"}],"replies":[{"embeddable":true,"href":"https:\/\/www.casaruralronda.es\/fr\/wp-json\/wp\/v2\/comments?post=305"}],"version-history":[{"count":8,"href":"https:\/\/www.casaruralronda.es\/fr\/wp-json\/wp\/v2\/pages\/305\/revisions"}],"predecessor-version":[{"id":387,"href":"https:\/\/www.casaruralronda.es\/fr\/wp-json\/wp\/v2\/pages\/305\/revisions\/387"}],"wp:featuredmedia":[{"embeddable":true,"href":"https:\/\/www.casaruralronda.es\/fr\/wp-json\/wp\/v2\/media\/204"}],"wp:attachment":[{"href":"https:\/\/www.casaruralronda.es\/fr\/wp-json\/wp\/v2\/media?parent=305"}],"curies":[{"name":"wp","href":"https:\/\/api.w.org\/{rel}","templated":true}]}}