{"id":320,"date":"2019-12-01T03:36:58","date_gmt":"2019-12-01T03:36:58","guid":{"rendered":"https:\/\/www.casaruralronda.es\/maison-rurale-ronda\/"},"modified":"2019-12-01T18:22:43","modified_gmt":"2019-12-01T18:22:43","slug":"maison-rurale-ronda","status":"publish","type":"page","link":"https:\/\/www.casaruralronda.es\/fr\/","title":{"rendered":"Maison rurale Ronda"},"content":{"rendered":"\n<div class=\"wp-block-group alignwide\"><div class=\"wp-block-group__inner-container is-layout-flow wp-block-group-is-layout-flow\">\n<h2 class=\"has-text-align-center wp-block-heading\">Maison de tourisme rural \u00e0 Ronda<\/h2>\n<\/div><\/div>\n\n\n\n<div class=\"wp-block-columns alignwide is-layout-flex wp-container-core-columns-is-layout-28f84493 wp-block-columns-is-layout-flex\">\n<div class=\"wp-block-column is-layout-flow wp-block-column-is-layout-flow\">\n<div class=\"wp-block-group\"><div class=\"wp-block-group__inner-container is-layout-flow wp-block-group-is-layout-flow\">\n<p>Bienvenue dans notre <strong><a href=\"https:\/\/www.casaruralronda.es\/fr\/tourisme-rural-ronda\/\">maison rurale<\/a><\/strong>, \u00e0 seulement 10 minutes du centre de la <strong>ville de Ronda<\/strong>.<\/p>\n\n\n\n<p>Nous sommes \u00e9galement \u00e0 quelques minutes des principaux monuments naturels de la <strong>Serran\u00eda de Ronda<\/strong>.<\/p>\n<\/div><\/div>\n\n\n\n<div class=\"wp-block-group\"><div class=\"wp-block-group__inner-container is-layout-flow wp-block-group-is-layout-flow\">\n<blockquote class=\"wp-block-quote is-layout-flow wp-block-quote-is-layout-flow\"><p>Tel: <strong>630340688<\/strong><\/p><\/blockquote>\n<\/div><\/div>\n<\/div>\n\n\n\n<div class=\"wp-block-column is-layout-flow wp-block-column-is-layout-flow\">\n<div class=\"wp-block-group\"><div class=\"wp-block-group__inner-container is-layout-flow wp-block-group-is-layout-flow\">\n<p>Vous aurez l&rsquo;occasion de vivre l&rsquo;exp\u00e9rience de dormir dans un ancien <strong>moulin \u00e0 farine<\/strong> restaur\u00e9 \u00e0 50 m\u00e8tres de la rivi\u00e8re Guadiaro.<\/p>\n\n\n\n<p>Vous pouvez <strong><a href=\"https:\/\/www.casaruralronda.es\/fr\/tourisme-rural-ronda\/photographies-maison-rural-ronda\/\">voir ici quelques photos<\/a><\/strong>, probablement l&rsquo;une des <strong>maisons rurales<\/strong> les plus calmes de la r\u00e9gion.<\/p>\n<\/div><\/div>\n\n\n\n<div class=\"wp-block-group\"><div class=\"wp-block-group__inner-container is-layout-flow wp-block-group-is-layout-flow\">\n<blockquote class=\"wp-block-quote is-layout-flow wp-block-quote-is-layout-flow\"><p>Vous pouvez <a href=\"https:\/\/www.casaruralronda.es\/fr\/reservation-maison-campagne-ronda\/\"><strong>r\u00e9server ici<\/strong><\/a><\/p><\/blockquote>\n<\/div><\/div>\n<\/div>\n<\/div>\n\n\n\n<figure class=\"wp-block-image alignfull size-large is-style-circle-mask\"><img decoding=\"async\" src=\"https:\/\/www.casaruralronda.es\/wp-content\/uploads\/2019\/11\/casa-rural-ronda-exterior-1.jpg\" alt=\"Ronda Ext\u00e9rieur Maison Rurale\" class=\"wp-image-102\"\/><figcaption>Ronda Ext\u00e9rieur Maison Rurale<\/figcaption><\/figure>\n\n\n\n<div class=\"wp-block-group alignwide\"><div class=\"wp-block-group__inner-container is-layout-flow wp-block-group-is-layout-flow\">\n<h2 class=\"has-text-align-center wp-block-heading\">Votre logement rural \u00e0 Ronda<\/h2>\n\n\n\n<p class=\"has-text-align-center\"><strong>Maison de campagne \u00e0 Ronda<\/strong>, h\u00e9bergement avec 9 lits, 3 chambres \u00e0 coucher, 3 salles de bain et 3500 m2 de terrain dans la campagne entour\u00e9e par le fleuve Guadiaro et la naissance de Cascajales.<\/p>\n<\/div><\/div>\n\n\n\n<p class=\"has-text-align-center\"><strong>Surtout d\u00e9tendez-vous <\/strong><\/p>\n\n\n\n<figure class=\"wp-block-gallery alignwide columns-3 is-cropped wp-block-gallery-1 is-layout-flex wp-block-gallery-is-layout-flex\"><ul class=\"blocks-gallery-grid\"><li class=\"blocks-gallery-item\"><figure><img decoding=\"async\" src=\"https:\/\/www.casaruralronda.es\/wp-content\/uploads\/2019\/11\/photo_20191005190002_6619520_0.jpg\" alt=\"\" data-id=\"59\" data-link=\"https:\/\/www.casaruralronda.es\/el-nuevo-umoma-abre-sus-puertas-2\/photo_20191005190002_6619520_0\/\" class=\"wp-image-59\"\/><\/figure><\/li><li class=\"blocks-gallery-item\"><figure><img decoding=\"async\" src=\"https:\/\/www.casaruralronda.es\/wp-content\/uploads\/2019\/11\/habitacion-principal.jpg\" alt=\"\" data-id=\"61\" data-link=\"https:\/\/www.casaruralronda.es\/el-nuevo-umoma-abre-sus-puertas-2\/habitacion-principal\/\" class=\"wp-image-61\"\/><\/figure><\/li><li class=\"blocks-gallery-item\"><figure><img decoding=\"async\" src=\"https:\/\/www.casaruralronda.es\/wp-content\/uploads\/2019\/11\/habitacionplantabaja.jpg\" alt=\"\" data-id=\"62\" data-full-url=\"https:\/\/www.casaruralronda.es\/wp-content\/uploads\/2019\/11\/habitacionplantabaja.jpg\" data-link=\"https:\/\/www.casaruralronda.es\/el-nuevo-umoma-abre-sus-puertas-2\/habitacionplantabaja\/\" class=\"wp-image-62\"\/><\/figure><\/li><li class=\"blocks-gallery-item\"><figure><img decoding=\"async\" src=\"https:\/\/www.casaruralronda.es\/wp-content\/uploads\/2019\/11\/salon-cocina-molino-de-simon.jpg\" alt=\"\" data-id=\"60\" data-link=\"https:\/\/www.casaruralronda.es\/el-nuevo-umoma-abre-sus-puertas-2\/salon-cocina-molino-de-simon\/\" class=\"wp-image-60\"\/><\/figure><\/li><\/ul><\/figure>\n\n\n\n<p><\/p>\n\n\n\n<hr class=\"wp-block-separator\"\/>\n\n\n\n<h5 class=\"wp-block-heading\">Ronda Ciudad So\u00f1ada<\/h5>\n\n\n\n<p><strong>Ronda <\/strong>de par sa situation g\u00e9ographique, a une longue histoire \u00e0 raconter. <\/p>\n\n\n\n<p>Il y a beaucoup de gens qui l&rsquo;ont habit\u00e9e avec le temps.<\/p>\n\n\n\n<p>Chacun d&rsquo;eux a laiss\u00e9 un \u00e9chantillon de sa culture et de sa vie<\/p>\n\n\n\n<p>D\u00e9j\u00e0 dans la pr\u00e9histoire <strong>Ronda <\/strong>\u00e9tait habit\u00e9e.<\/p>\n\n\n\n<p>La preuve en est les restes trouv\u00e9s dans la vall\u00e9e de Genal et Guadiaro, dans la grotte de Pileta (Benaoj\u00e1n) <\/p>\n\n\n\n<p>L\u00e0 o\u00f9 nous voyons des restes de peintures rupestres, des vestiges humains et utiles datant du Pal\u00e9olithique sup\u00e9rieur au N\u00e9olithique.<\/p>\n\n\n\n<p><\/p>\n\n\n\n<p>La <strong>Villa de Ronda<\/strong> en tant que telle a ses origines avec les Celtes qui l&rsquo;appelaient Arunda vers le VIe si\u00e8cle avant J.-C., m\u00e9lang\u00e9e aux peuples ib\u00e9riques et soumettant d&rsquo;autres peuples de l&rsquo;\u00e9poque \u00e0 occuper tout le territoire de Ronde\u00f1o. <\/p>\n\n\n\n<p>C&rsquo;est pourquoi Ronda est une histoire comme on peut le voir dans ses principaux monuments.<\/p>\n\n\n\n<p><\/p>\n\n\n\n<p><strong>Ronda<\/strong> c\u2019est l\u2019histoire, c\u2019est l\u2019art, c\u2019est la culture, c\u2019est le vin, la gastronomie, c\u2019est surtout le pass\u00e9 et le pr\u00e9sent, dans notre ville, vous trouverez <strong>une grande offre de restaurants et de bars \u00e0 tapas<\/strong> dans lesquels explorer la cr\u00e9ativit\u00e9 de notre chef et les produits du zone.<\/p>\n\n\n\n<p>Tout cela avec la grande offre de <strong>vins de Ronda.<\/strong><\/p>\n\n\n\n<hr class=\"wp-block-separator\"\/>\n\n\n\n<h5 class=\"wp-block-heading\">Serrania de Ronda<\/h5>\n\n\n\n<p>La premi\u00e8re chose que nos clients appr\u00e9cient en plus de la tranquillit\u00e9 est que la maison se trouve au centre de la <strong>Serran\u00eda de Ronda<\/strong> et que, surtout, elle vous permet d&rsquo;acc\u00e9der en quelques minutes \u00e0 tous les villages:<\/p>\n\n\n\n<p>Algatoc\u00edn, Alpandeire, Arriate, Atajate, Benadalid, Benalaur\u00eda , Benaoj\u00e1n, Benarrab\u00e1, Cortes de la Frontera, Cartajima, Faraj\u00e1n, Gauc\u00edn, Genalguacil, Igualeja, Jimera de Libar, Jubrique, J\u00fazcar, Montejaque, Montecorto, Parauta, Pujerra, Ronda, Serrato.<\/p>\n\n\n\n<p><\/p>\n\n\n\n<p>Nous sommes \u00e9galement \u00e0 une heure de route de Marbella, Puerto Banus, avec la gare tr\u00e8s proche qui vous permettra de vous connecter avec:<\/p>\n\n\n\n<p>San Roque, Gibraltar, Algeciras, M\u00e1laga, Granada, Madrid il peut donc avoir une mobilit\u00e9 g\u00e9ographique.<\/p>\n\n\n\n<p>De plus, nous sommes \u00e9galement tr\u00e8s proches des monuments naturels les plus importants de la <strong>Serran\u00eda de Ronda<\/strong>: grotte du chat, marais de Montejaque, grotte de la Pileta, marais de Zahara.<\/p>\n\n\n\n<p><\/p>\n\n\n\n<p>Monuments historiques tels que le Tajo de Ronda (pont nouveau), La Alameda del Tajo, la Plaza de Toros, le palais Mondrag\u00f3n, les murs et les portes islamiques de Ronda, les bains arabes, la Casa del Rey Moro, le site arch\u00e9ologique d&rsquo;Acinipo.<\/p>\n\n\n\n<p>Et un long etc qui rendra votre visite inoubliable. <\/p>\n\n\n\n<p>La conclusion est sans aucun doute que vous ferez partie de l&rsquo;histoire de Ronda en vous promenant dans ses rues. <\/p>\n\n\n\n<p><\/p>\n\n\n\n<p>En savoir plus sur Ronda sur <a href=\"https:\/\/es.wikipedia.org\/wiki\/Ronda\">Wikipedia<\/a> <\/p>\n","protected":false},"excerpt":{"rendered":"<p>Maison de tourisme rural \u00e0 Ronda Bienvenue dans notre maison rurale, \u00e0 seulement 10 minutes du centre de la ville de Ronda. Nous sommes \u00e9galement \u00e0 quelques minutes des principaux monuments naturels de la Serran\u00eda de Ronda. Tel: 630340688 Vous aurez l&rsquo;occasion de vivre l&rsquo;exp\u00e9rience de dormir dans un ancien moulin \u00e0 farine restaur\u00e9 \u00e0 [&hellip;]<\/p>\n","protected":false},"author":1,"featured_media":153,"parent":0,"menu_order":0,"comment_status":"closed","ping_status":"closed","template":"templates\/template-cover.php","meta":{"footnotes":""},"class_list":["post-320","page","type-page","status-publish","has-post-thumbnail","hentry"],"blocksy_meta":[],"yoast_head":"<!-- This site is optimized with the Yoast SEO plugin v26.6 - https:\/\/yoast.com\/wordpress\/plugins\/seo\/ -->\n<title>Maison Rurale Ronda - Votre h\u00e9bergement de tourisme rural \u00e0 Ronda<\/title>\n<meta name=\"description\" content=\"Maison Rurale Ronda souhaite la bienvenue \u00e0 votre h\u00e9bergement rural dans la ville de Ronda, M\u00e1laga, \u00e0 seulement 10 minutes du centre de la ville de Ronda au milieu de la nature\" \/>\n<meta name=\"robots\" content=\"index, follow, max-snippet:-1, max-image-preview:large, max-video-preview:-1\" \/>\n<link rel=\"canonical\" href=\"https:\/\/www.casaruralronda.es\/fr\/\" \/>\n<meta property=\"og:locale\" content=\"fr_FR\" \/>\n<meta property=\"og:type\" content=\"article\" \/>\n<meta property=\"og:title\" content=\"Maison Rurale Ronda - Votre h\u00e9bergement de tourisme rural \u00e0 Ronda\" \/>\n<meta property=\"og:description\" content=\"Maison Rurale Ronda souhaite la bienvenue \u00e0 votre h\u00e9bergement rural dans la ville de Ronda, M\u00e1laga, \u00e0 seulement 10 minutes du centre de la ville de Ronda au milieu de la nature\" \/>\n<meta property=\"og:url\" content=\"https:\/\/www.casaruralronda.es\/fr\/\" \/>\n<meta property=\"og:site_name\" content=\"Casa Rural Ronda\" \/>\n<meta property=\"article:publisher\" content=\"https:\/\/www.facebook.com\/casaruralronda\/\" \/>\n<meta property=\"article:modified_time\" content=\"2019-12-01T18:22:43+00:00\" \/>\n<meta property=\"og:image\" content=\"https:\/\/www.casaruralronda.es\/wp-content\/uploads\/2019\/11\/casa-rura-ronda-e1574818509182.jpg\" \/>\n\t<meta property=\"og:image:width\" content=\"600\" \/>\n\t<meta property=\"og:image:height\" content=\"428\" \/>\n\t<meta property=\"og:image:type\" content=\"image\/jpeg\" \/>\n<meta name=\"twitter:card\" content=\"summary_large_image\" \/>\n<meta name=\"twitter:label1\" content=\"Dur\u00e9e de lecture estim\u00e9e\" \/>\n\t<meta name=\"twitter:data1\" content=\"3 minutes\" \/>\n<script type=\"application\/ld+json\" class=\"yoast-schema-graph\">{\"@context\":\"https:\/\/schema.org\",\"@graph\":[{\"@type\":\"WebPage\",\"@id\":\"https:\/\/www.casaruralronda.es\/fr\/\",\"url\":\"https:\/\/www.casaruralronda.es\/fr\/\",\"name\":\"Maison Rurale Ronda - Votre h\u00e9bergement de tourisme rural \u00e0 Ronda\",\"isPartOf\":{\"@id\":\"https:\/\/www.casaruralronda.es\/fr\/#website\"},\"primaryImageOfPage\":{\"@id\":\"https:\/\/www.casaruralronda.es\/fr\/#primaryimage\"},\"image\":{\"@id\":\"https:\/\/www.casaruralronda.es\/fr\/#primaryimage\"},\"thumbnailUrl\":\"https:\/\/www.casaruralronda.es\/wp-content\/uploads\/2019\/11\/casa-rura-ronda-e1574818509182.jpg\",\"datePublished\":\"2019-12-01T03:36:58+00:00\",\"dateModified\":\"2019-12-01T18:22:43+00:00\",\"description\":\"Maison Rurale Ronda souhaite la bienvenue \u00e0 votre h\u00e9bergement rural dans la ville de Ronda, M\u00e1laga, \u00e0 seulement 10 minutes du centre de la ville de Ronda au milieu de la nature\",\"breadcrumb\":{\"@id\":\"https:\/\/www.casaruralronda.es\/fr\/#breadcrumb\"},\"inLanguage\":\"fr-FR\",\"potentialAction\":[{\"@type\":\"ReadAction\",\"target\":[\"https:\/\/www.casaruralronda.es\/fr\/\"]}]},{\"@type\":\"ImageObject\",\"inLanguage\":\"fr-FR\",\"@id\":\"https:\/\/www.casaruralronda.es\/fr\/#primaryimage\",\"url\":\"https:\/\/www.casaruralronda.es\/wp-content\/uploads\/2019\/11\/casa-rura-ronda-e1574818509182.jpg\",\"contentUrl\":\"https:\/\/www.casaruralronda.es\/wp-content\/uploads\/2019\/11\/casa-rura-ronda-e1574818509182.jpg\",\"width\":600,\"height\":428,\"caption\":\"Casa Rural Ronda\"},{\"@type\":\"BreadcrumbList\",\"@id\":\"https:\/\/www.casaruralronda.es\/fr\/#breadcrumb\",\"itemListElement\":[{\"@type\":\"ListItem\",\"position\":1,\"name\":\"Portada\",\"item\":\"https:\/\/www.casaruralronda.es\/fr\/\"},{\"@type\":\"ListItem\",\"position\":2,\"name\":\"Maison rurale Ronda\"}]},{\"@type\":\"WebSite\",\"@id\":\"https:\/\/www.casaruralronda.es\/fr\/#website\",\"url\":\"https:\/\/www.casaruralronda.es\/fr\/\",\"name\":\"Casa Rural Ronda\",\"description\":\"Casa rural en Ronda (M&aacute;laga)\",\"publisher\":{\"@id\":\"https:\/\/www.casaruralronda.es\/fr\/#organization\"},\"potentialAction\":[{\"@type\":\"SearchAction\",\"target\":{\"@type\":\"EntryPoint\",\"urlTemplate\":\"https:\/\/www.casaruralronda.es\/fr\/?s={search_term_string}\"},\"query-input\":{\"@type\":\"PropertyValueSpecification\",\"valueRequired\":true,\"valueName\":\"search_term_string\"}}],\"inLanguage\":\"fr-FR\"},{\"@type\":\"Organization\",\"@id\":\"https:\/\/www.casaruralronda.es\/fr\/#organization\",\"name\":\"Casa Rural Ronda\",\"url\":\"https:\/\/www.casaruralronda.es\/fr\/\",\"logo\":{\"@type\":\"ImageObject\",\"inLanguage\":\"fr-FR\",\"@id\":\"https:\/\/www.casaruralronda.es\/fr\/#\/schema\/logo\/image\/\",\"url\":\"https:\/\/www.casaruralronda.es\/wp-content\/uploads\/2019\/11\/casaruralronda.jpg\",\"contentUrl\":\"https:\/\/www.casaruralronda.es\/wp-content\/uploads\/2019\/11\/casaruralronda.jpg\",\"width\":560,\"height\":560,\"caption\":\"Casa Rural Ronda\"},\"image\":{\"@id\":\"https:\/\/www.casaruralronda.es\/fr\/#\/schema\/logo\/image\/\"},\"sameAs\":[\"https:\/\/www.facebook.com\/casaruralronda\/\"]}]}<\/script>\n<!-- \/ Yoast SEO plugin. -->","yoast_head_json":{"title":"Maison Rurale Ronda - Votre h\u00e9bergement de tourisme rural \u00e0 Ronda","description":"Maison Rurale Ronda souhaite la bienvenue \u00e0 votre h\u00e9bergement rural dans la ville de Ronda, M\u00e1laga, \u00e0 seulement 10 minutes du centre de la ville de Ronda au milieu de la nature","robots":{"index":"index","follow":"follow","max-snippet":"max-snippet:-1","max-image-preview":"max-image-preview:large","max-video-preview":"max-video-preview:-1"},"canonical":"https:\/\/www.casaruralronda.es\/fr\/","og_locale":"fr_FR","og_type":"article","og_title":"Maison Rurale Ronda - Votre h\u00e9bergement de tourisme rural \u00e0 Ronda","og_description":"Maison Rurale Ronda souhaite la bienvenue \u00e0 votre h\u00e9bergement rural dans la ville de Ronda, M\u00e1laga, \u00e0 seulement 10 minutes du centre de la ville de Ronda au milieu de la nature","og_url":"https:\/\/www.casaruralronda.es\/fr\/","og_site_name":"Casa Rural Ronda","article_publisher":"https:\/\/www.facebook.com\/casaruralronda\/","article_modified_time":"2019-12-01T18:22:43+00:00","og_image":[{"width":600,"height":428,"url":"https:\/\/www.casaruralronda.es\/wp-content\/uploads\/2019\/11\/casa-rura-ronda-e1574818509182.jpg","type":"image\/jpeg"}],"twitter_card":"summary_large_image","twitter_misc":{"Dur\u00e9e de lecture estim\u00e9e":"3 minutes"},"schema":{"@context":"https:\/\/schema.org","@graph":[{"@type":"WebPage","@id":"https:\/\/www.casaruralronda.es\/fr\/","url":"https:\/\/www.casaruralronda.es\/fr\/","name":"Maison Rurale Ronda - Votre h\u00e9bergement de tourisme rural \u00e0 Ronda","isPartOf":{"@id":"https:\/\/www.casaruralronda.es\/fr\/#website"},"primaryImageOfPage":{"@id":"https:\/\/www.casaruralronda.es\/fr\/#primaryimage"},"image":{"@id":"https:\/\/www.casaruralronda.es\/fr\/#primaryimage"},"thumbnailUrl":"https:\/\/www.casaruralronda.es\/wp-content\/uploads\/2019\/11\/casa-rura-ronda-e1574818509182.jpg","datePublished":"2019-12-01T03:36:58+00:00","dateModified":"2019-12-01T18:22:43+00:00","description":"Maison Rurale Ronda souhaite la bienvenue \u00e0 votre h\u00e9bergement rural dans la ville de Ronda, M\u00e1laga, \u00e0 seulement 10 minutes du centre de la ville de Ronda au milieu de la nature","breadcrumb":{"@id":"https:\/\/www.casaruralronda.es\/fr\/#breadcrumb"},"inLanguage":"fr-FR","potentialAction":[{"@type":"ReadAction","target":["https:\/\/www.casaruralronda.es\/fr\/"]}]},{"@type":"ImageObject","inLanguage":"fr-FR","@id":"https:\/\/www.casaruralronda.es\/fr\/#primaryimage","url":"https:\/\/www.casaruralronda.es\/wp-content\/uploads\/2019\/11\/casa-rura-ronda-e1574818509182.jpg","contentUrl":"https:\/\/www.casaruralronda.es\/wp-content\/uploads\/2019\/11\/casa-rura-ronda-e1574818509182.jpg","width":600,"height":428,"caption":"Casa Rural Ronda"},{"@type":"BreadcrumbList","@id":"https:\/\/www.casaruralronda.es\/fr\/#breadcrumb","itemListElement":[{"@type":"ListItem","position":1,"name":"Portada","item":"https:\/\/www.casaruralronda.es\/fr\/"},{"@type":"ListItem","position":2,"name":"Maison rurale Ronda"}]},{"@type":"WebSite","@id":"https:\/\/www.casaruralronda.es\/fr\/#website","url":"https:\/\/www.casaruralronda.es\/fr\/","name":"Casa Rural Ronda","description":"Casa rural en Ronda (M&aacute;laga)","publisher":{"@id":"https:\/\/www.casaruralronda.es\/fr\/#organization"},"potentialAction":[{"@type":"SearchAction","target":{"@type":"EntryPoint","urlTemplate":"https:\/\/www.casaruralronda.es\/fr\/?s={search_term_string}"},"query-input":{"@type":"PropertyValueSpecification","valueRequired":true,"valueName":"search_term_string"}}],"inLanguage":"fr-FR"},{"@type":"Organization","@id":"https:\/\/www.casaruralronda.es\/fr\/#organization","name":"Casa Rural Ronda","url":"https:\/\/www.casaruralronda.es\/fr\/","logo":{"@type":"ImageObject","inLanguage":"fr-FR","@id":"https:\/\/www.casaruralronda.es\/fr\/#\/schema\/logo\/image\/","url":"https:\/\/www.casaruralronda.es\/wp-content\/uploads\/2019\/11\/casaruralronda.jpg","contentUrl":"https:\/\/www.casaruralronda.es\/wp-content\/uploads\/2019\/11\/casaruralronda.jpg","width":560,"height":560,"caption":"Casa Rural Ronda"},"image":{"@id":"https:\/\/www.casaruralronda.es\/fr\/#\/schema\/logo\/image\/"},"sameAs":["https:\/\/www.facebook.com\/casaruralronda\/"]}]}},"_links":{"self":[{"href":"https:\/\/www.casaruralronda.es\/fr\/wp-json\/wp\/v2\/pages\/320","targetHints":{"allow":["GET"]}}],"collection":[{"href":"https:\/\/www.casaruralronda.es\/fr\/wp-json\/wp\/v2\/pages"}],"about":[{"href":"https:\/\/www.casaruralronda.es\/fr\/wp-json\/wp\/v2\/types\/page"}],"author":[{"embeddable":true,"href":"https:\/\/www.casaruralronda.es\/fr\/wp-json\/wp\/v2\/users\/1"}],"replies":[{"embeddable":true,"href":"https:\/\/www.casaruralronda.es\/fr\/wp-json\/wp\/v2\/comments?post=320"}],"version-history":[{"count":6,"href":"https:\/\/www.casaruralronda.es\/fr\/wp-json\/wp\/v2\/pages\/320\/revisions"}],"predecessor-version":[{"id":385,"href":"https:\/\/www.casaruralronda.es\/fr\/wp-json\/wp\/v2\/pages\/320\/revisions\/385"}],"wp:featuredmedia":[{"embeddable":true,"href":"https:\/\/www.casaruralronda.es\/fr\/wp-json\/wp\/v2\/media\/153"}],"wp:attachment":[{"href":"https:\/\/www.casaruralronda.es\/fr\/wp-json\/wp\/v2\/media?parent=320"}],"curies":[{"name":"wp","href":"https:\/\/api.w.org\/{rel}","templated":true}]}}